{"id":7278,"date":"2022-08-22T12:12:02","date_gmt":"2022-08-22T10:12:02","guid":{"rendered":"https:\/\/hartika.com\/?page_id=7278"},"modified":"2022-08-22T12:24:23","modified_gmt":"2022-08-22T10:24:23","slug":"terasos-skaiciuokle","status":"publish","type":"page","link":"https:\/\/hartika.com\/lt\/terasos-skaiciuokle\/","title":{"rendered":"Terasos skai\u010diuokl\u0117"},"content":{"rendered":"","protected":false},"excerpt":{"rendered":"","protected":false},"author":6,"featured_media":8711,"parent":0,"menu_order":0,"comment_status":"closed","ping_status":"closed","template":"page-konfigurator-tarasu.php","meta":{"_acf_changed":false,"footnotes":""},"class_list":["post-7278","page","type-page","status-publish","has-post-thumbnail","hentry","post"],"acf":[],"yoast_head":"<!-- This site is optimized with the Yoast SEO Premium plugin v20.6 (Yoast SEO v27.5) - https:\/\/yoast.com\/product\/yoast-seo-premium-wordpress\/ -->\n<title>Hartika PVC kompozitin\u0117s terasos ir tvoros. Terasos skai\u010diuokl\u0117.<\/title>\n<meta name=\"description\" content=\"Terasos konfig\u016bratorius, PVC kompozitin\u0117s lentos, terasos lentos, kompozitini\u0173 lent\u0173, kompozicini\u0173 teras\u0173 ir tvor\u0173 gamintojas, teras\u0173 skai\u010diuokl\u0117\" \/>\n<meta name=\"robots\" content=\"index, follow, max-snippet:-1, max-image-preview:large, max-video-preview:-1\" \/>\n<link rel=\"canonical\" href=\"https:\/\/hartika.com\/lt\/terasos-skaiciuokle\/\" \/>\n<meta property=\"og:locale\" content=\"lt_LT\" \/>\n<meta property=\"og:type\" content=\"article\" \/>\n<meta property=\"og:title\" content=\"Terasos skai\u010diuokl\u0117\" \/>\n<meta property=\"og:url\" content=\"https:\/\/hartika.com\/lt\/terasos-skaiciuokle\/\" \/>\n<meta property=\"og:site_name\" content=\"Hartika. Pi\u0119kno na lata.\" \/>\n<meta property=\"article:publisher\" content=\"https:\/\/www.facebook.com\/people\/Tarasy-Hartika\/100057582753952\/\" \/>\n<meta property=\"article:modified_time\" content=\"2022-08-22T10:24:23+00:00\" \/>\n<meta property=\"og:image\" content=\"https:\/\/hartika.com\/wp-content\/uploads\/2023\/02\/Hartika-socialmedia-pl.jpg\" \/>\n\t<meta property=\"og:image:width\" content=\"1080\" \/>\n\t<meta property=\"og:image:height\" content=\"675\" \/>\n\t<meta property=\"og:image:type\" content=\"image\/jpeg\" \/>\n<meta name=\"twitter:card\" content=\"summary_large_image\" \/>\n<script type=\"application\/ld+json\" class=\"yoast-schema-graph\">{\"@context\":\"https:\\\/\\\/schema.org\",\"@graph\":[{\"@type\":\"WebPage\",\"@id\":\"https:\\\/\\\/hartika.com\\\/lt\\\/terasos-skaiciuokle\\\/\",\"url\":\"https:\\\/\\\/hartika.com\\\/lt\\\/terasos-skaiciuokle\\\/\",\"name\":\"Hartika PVC kompozitin\u0117s terasos ir tvoros. Terasos skai\u010diuokl\u0117.\",\"isPartOf\":{\"@id\":\"https:\\\/\\\/hartika.com\\\/lt\\\/#website\"},\"primaryImageOfPage\":{\"@id\":\"https:\\\/\\\/hartika.com\\\/lt\\\/terasos-skaiciuokle\\\/#primaryimage\"},\"image\":{\"@id\":\"https:\\\/\\\/hartika.com\\\/lt\\\/terasos-skaiciuokle\\\/#primaryimage\"},\"thumbnailUrl\":\"https:\\\/\\\/hartika.com\\\/wp-content\\\/uploads\\\/2023\\\/02\\\/Hartika-socialmedia-pl.jpg\",\"datePublished\":\"2022-08-22T10:12:02+00:00\",\"dateModified\":\"2022-08-22T10:24:23+00:00\",\"description\":\"Terasos konfig\u016bratorius, PVC kompozitin\u0117s lentos, terasos lentos, kompozitini\u0173 lent\u0173, kompozicini\u0173 teras\u0173 ir tvor\u0173 gamintojas, teras\u0173 skai\u010diuokl\u0117\",\"breadcrumb\":{\"@id\":\"https:\\\/\\\/hartika.com\\\/lt\\\/terasos-skaiciuokle\\\/#breadcrumb\"},\"inLanguage\":\"lt-LT\",\"potentialAction\":[{\"@type\":\"ReadAction\",\"target\":[\"https:\\\/\\\/hartika.com\\\/lt\\\/terasos-skaiciuokle\\\/\"]}]},{\"@type\":\"ImageObject\",\"inLanguage\":\"lt-LT\",\"@id\":\"https:\\\/\\\/hartika.com\\\/lt\\\/terasos-skaiciuokle\\\/#primaryimage\",\"url\":\"https:\\\/\\\/hartika.com\\\/wp-content\\\/uploads\\\/2023\\\/02\\\/Hartika-socialmedia-pl.jpg\",\"contentUrl\":\"https:\\\/\\\/hartika.com\\\/wp-content\\\/uploads\\\/2023\\\/02\\\/Hartika-socialmedia-pl.jpg\",\"width\":1080,\"height\":675,\"caption\":\"Czyszczenie i piel\u0119gnacja tarasu\"},{\"@type\":\"BreadcrumbList\",\"@id\":\"https:\\\/\\\/hartika.com\\\/lt\\\/terasos-skaiciuokle\\\/#breadcrumb\",\"itemListElement\":[{\"@type\":\"ListItem\",\"position\":1,\"name\":\"Strona g\u0142\u00f3wna\",\"item\":\"https:\\\/\\\/hartika.com\\\/lt\\\/strona-glowna\\\/\"},{\"@type\":\"ListItem\",\"position\":2,\"name\":\"Terasos skai\u010diuokl\u0117\"}]},{\"@type\":\"WebSite\",\"@id\":\"https:\\\/\\\/hartika.com\\\/lt\\\/#website\",\"url\":\"https:\\\/\\\/hartika.com\\\/lt\\\/\",\"name\":\"Tarasy i ogrodzenia kompozytowe Hartika. Pi\u0119kno na lata.\",\"description\":\"Producent taras\u00f3w i ogrodze\u0144 kompozytowych.\",\"publisher\":{\"@id\":\"https:\\\/\\\/hartika.com\\\/lt\\\/#organization\"},\"alternateName\":\"Tarasy i ogrodzenia kompozytowe Hartika.\",\"potentialAction\":[{\"@type\":\"SearchAction\",\"target\":{\"@type\":\"EntryPoint\",\"urlTemplate\":\"https:\\\/\\\/hartika.com\\\/lt\\\/?s={search_term_string}\"},\"query-input\":{\"@type\":\"PropertyValueSpecification\",\"valueRequired\":true,\"valueName\":\"search_term_string\"}}],\"inLanguage\":\"lt-LT\"},{\"@type\":[\"Organization\",\"Place\",\"Corporation\"],\"@id\":\"https:\\\/\\\/hartika.com\\\/lt\\\/#organization\",\"name\":\"Hartika Sp. z o.o.\",\"alternateName\":\"Hartika WPC\",\"url\":\"https:\\\/\\\/hartika.com\\\/lt\\\/\",\"logo\":{\"@id\":\"https:\\\/\\\/hartika.com\\\/lt\\\/terasos-skaiciuokle\\\/#local-main-organization-logo\"},\"image\":{\"@id\":\"https:\\\/\\\/hartika.com\\\/lt\\\/terasos-skaiciuokle\\\/#local-main-organization-logo\"},\"sameAs\":[\"https:\\\/\\\/www.facebook.com\\\/people\\\/Tarasy-Hartika\\\/100057582753952\\\/\",\"https:\\\/\\\/ke.linkedin.com\\\/company\\\/hartika\"],\"address\":{\"@id\":\"https:\\\/\\\/hartika.com\\\/lt\\\/terasos-skaiciuokle\\\/#local-main-place-address\"},\"geo\":{\"@type\":\"GeoCoordinates\",\"latitude\":\"53.55530067584501\",\"longitude\":\"22.309762340482035\"},\"telephone\":[\"+48864442020\"],\"openingHoursSpecification\":[{\"@type\":\"OpeningHoursSpecification\",\"dayOfWeek\":[\"Monday\",\"Tuesday\",\"Wednesday\",\"Thursday\",\"Friday\"],\"opens\":\"08:00\",\"closes\":\"16:00\"},{\"@type\":\"OpeningHoursSpecification\",\"dayOfWeek\":[\"Saturday\",\"Sunday\"],\"opens\":\"00:00\",\"closes\":\"00:00\"}],\"email\":\"hartika@hartika.com\",\"areaServed\":\"Europa\",\"vatID\":\"PL5423070660\",\"taxID\":\"5423070660\"},{\"@type\":\"PostalAddress\",\"@id\":\"https:\\\/\\\/hartika.com\\\/lt\\\/terasos-skaiciuokle\\\/#local-main-place-address\",\"streetAddress\":\"ul. Przemys\u0142owa 9\",\"addressLocality\":\"Szczuczyn\",\"postalCode\":\"19-230\",\"addressRegion\":\"Podlaskie\",\"addressCountry\":\"PL\"},{\"@type\":\"ImageObject\",\"inLanguage\":\"lt-LT\",\"@id\":\"https:\\\/\\\/hartika.com\\\/lt\\\/terasos-skaiciuokle\\\/#local-main-organization-logo\",\"url\":\"https:\\\/\\\/hartika.com\\\/wp-content\\\/uploads\\\/2019\\\/10\\\/LOGO.svg\",\"contentUrl\":\"https:\\\/\\\/hartika.com\\\/wp-content\\\/uploads\\\/2019\\\/10\\\/LOGO.svg\",\"caption\":\"Hartika Sp. z o.o.\"}]}<\/script>\n<meta name=\"geo.placename\" content=\"Szczuczyn\" \/>\n<meta name=\"geo.position\" content=\"53.55530067584501;22.309762340482035\" \/>\n<meta name=\"geo.region\" content=\"Poland\" \/>\n<!-- \/ Yoast SEO Premium plugin. -->","yoast_head_json":{"title":"Hartika PVC kompozitin\u0117s terasos ir tvoros. Terasos skai\u010diuokl\u0117.","description":"Terasos konfig\u016bratorius, PVC kompozitin\u0117s lentos, terasos lentos, kompozitini\u0173 lent\u0173, kompozicini\u0173 teras\u0173 ir tvor\u0173 gamintojas, teras\u0173 skai\u010diuokl\u0117","robots":{"index":"index","follow":"follow","max-snippet":"max-snippet:-1","max-image-preview":"max-image-preview:large","max-video-preview":"max-video-preview:-1"},"canonical":"https:\/\/hartika.com\/lt\/terasos-skaiciuokle\/","og_locale":"lt_LT","og_type":"article","og_title":"Terasos skai\u010diuokl\u0117","og_url":"https:\/\/hartika.com\/lt\/terasos-skaiciuokle\/","og_site_name":"Hartika. Pi\u0119kno na lata.","article_publisher":"https:\/\/www.facebook.com\/people\/Tarasy-Hartika\/100057582753952\/","article_modified_time":"2022-08-22T10:24:23+00:00","og_image":[{"width":1080,"height":675,"url":"https:\/\/hartika.com\/wp-content\/uploads\/2023\/02\/Hartika-socialmedia-pl.jpg","type":"image\/jpeg"}],"twitter_card":"summary_large_image","schema":{"@context":"https:\/\/schema.org","@graph":[{"@type":"WebPage","@id":"https:\/\/hartika.com\/lt\/terasos-skaiciuokle\/","url":"https:\/\/hartika.com\/lt\/terasos-skaiciuokle\/","name":"Hartika PVC kompozitin\u0117s terasos ir tvoros. Terasos skai\u010diuokl\u0117.","isPartOf":{"@id":"https:\/\/hartika.com\/lt\/#website"},"primaryImageOfPage":{"@id":"https:\/\/hartika.com\/lt\/terasos-skaiciuokle\/#primaryimage"},"image":{"@id":"https:\/\/hartika.com\/lt\/terasos-skaiciuokle\/#primaryimage"},"thumbnailUrl":"https:\/\/hartika.com\/wp-content\/uploads\/2023\/02\/Hartika-socialmedia-pl.jpg","datePublished":"2022-08-22T10:12:02+00:00","dateModified":"2022-08-22T10:24:23+00:00","description":"Terasos konfig\u016bratorius, PVC kompozitin\u0117s lentos, terasos lentos, kompozitini\u0173 lent\u0173, kompozicini\u0173 teras\u0173 ir tvor\u0173 gamintojas, teras\u0173 skai\u010diuokl\u0117","breadcrumb":{"@id":"https:\/\/hartika.com\/lt\/terasos-skaiciuokle\/#breadcrumb"},"inLanguage":"lt-LT","potentialAction":[{"@type":"ReadAction","target":["https:\/\/hartika.com\/lt\/terasos-skaiciuokle\/"]}]},{"@type":"ImageObject","inLanguage":"lt-LT","@id":"https:\/\/hartika.com\/lt\/terasos-skaiciuokle\/#primaryimage","url":"https:\/\/hartika.com\/wp-content\/uploads\/2023\/02\/Hartika-socialmedia-pl.jpg","contentUrl":"https:\/\/hartika.com\/wp-content\/uploads\/2023\/02\/Hartika-socialmedia-pl.jpg","width":1080,"height":675,"caption":"Czyszczenie i piel\u0119gnacja tarasu"},{"@type":"BreadcrumbList","@id":"https:\/\/hartika.com\/lt\/terasos-skaiciuokle\/#breadcrumb","itemListElement":[{"@type":"ListItem","position":1,"name":"Strona g\u0142\u00f3wna","item":"https:\/\/hartika.com\/lt\/strona-glowna\/"},{"@type":"ListItem","position":2,"name":"Terasos skai\u010diuokl\u0117"}]},{"@type":"WebSite","@id":"https:\/\/hartika.com\/lt\/#website","url":"https:\/\/hartika.com\/lt\/","name":"Tarasy i ogrodzenia kompozytowe Hartika. Pi\u0119kno na lata.","description":"Producent taras\u00f3w i ogrodze\u0144 kompozytowych.","publisher":{"@id":"https:\/\/hartika.com\/lt\/#organization"},"alternateName":"Tarasy i ogrodzenia kompozytowe Hartika.","potentialAction":[{"@type":"SearchAction","target":{"@type":"EntryPoint","urlTemplate":"https:\/\/hartika.com\/lt\/?s={search_term_string}"},"query-input":{"@type":"PropertyValueSpecification","valueRequired":true,"valueName":"search_term_string"}}],"inLanguage":"lt-LT"},{"@type":["Organization","Place","Corporation"],"@id":"https:\/\/hartika.com\/lt\/#organization","name":"Hartika Sp. z o.o.","alternateName":"Hartika WPC","url":"https:\/\/hartika.com\/lt\/","logo":{"@id":"https:\/\/hartika.com\/lt\/terasos-skaiciuokle\/#local-main-organization-logo"},"image":{"@id":"https:\/\/hartika.com\/lt\/terasos-skaiciuokle\/#local-main-organization-logo"},"sameAs":["https:\/\/www.facebook.com\/people\/Tarasy-Hartika\/100057582753952\/","https:\/\/ke.linkedin.com\/company\/hartika"],"address":{"@id":"https:\/\/hartika.com\/lt\/terasos-skaiciuokle\/#local-main-place-address"},"geo":{"@type":"GeoCoordinates","latitude":"53.55530067584501","longitude":"22.309762340482035"},"telephone":["+48864442020","+48864442020"],"openingHoursSpecification":[{"@type":"OpeningHoursSpecification","dayOfWeek":["Monday","Tuesday","Wednesday","Thursday","Friday"],"opens":"08:00","closes":"16:00"},{"@type":"OpeningHoursSpecification","dayOfWeek":["Saturday","Sunday"],"opens":"00:00","closes":"00:00"}],"email":"hartika@hartika.com","areaServed":"Europa","vatID":"PL5423070660","taxID":"5423070660"},{"@type":"PostalAddress","@id":"https:\/\/hartika.com\/lt\/terasos-skaiciuokle\/#local-main-place-address","streetAddress":"ul. Przemys\u0142owa 9","addressLocality":"Szczuczyn","postalCode":"19-230","addressRegion":"Podlaskie","addressCountry":"PL"},{"@type":"ImageObject","inLanguage":"lt-LT","@id":"https:\/\/hartika.com\/lt\/terasos-skaiciuokle\/#local-main-organization-logo","url":"https:\/\/hartika.com\/wp-content\/uploads\/2019\/10\/LOGO.svg","contentUrl":"https:\/\/hartika.com\/wp-content\/uploads\/2019\/10\/LOGO.svg","caption":"Hartika Sp. z o.o."}]},"geo.placename":"Szczuczyn","geo.position":{"lat":"53.55530067584501","long":"22.309762340482035"},"geo.region":"Poland"},"_links":{"self":[{"href":"https:\/\/hartika.com\/lt\/wp-json\/wp\/v2\/pages\/7278","targetHints":{"allow":["GET"]}}],"collection":[{"href":"https:\/\/hartika.com\/lt\/wp-json\/wp\/v2\/pages"}],"about":[{"href":"https:\/\/hartika.com\/lt\/wp-json\/wp\/v2\/types\/page"}],"author":[{"embeddable":true,"href":"https:\/\/hartika.com\/lt\/wp-json\/wp\/v2\/users\/6"}],"replies":[{"embeddable":true,"href":"https:\/\/hartika.com\/lt\/wp-json\/wp\/v2\/comments?post=7278"}],"version-history":[{"count":0,"href":"https:\/\/hartika.com\/lt\/wp-json\/wp\/v2\/pages\/7278\/revisions"}],"wp:featuredmedia":[{"embeddable":true,"href":"https:\/\/hartika.com\/lt\/wp-json\/wp\/v2\/media\/8711"}],"wp:attachment":[{"href":"https:\/\/hartika.com\/lt\/wp-json\/wp\/v2\/media?parent=7278"}],"curies":[{"name":"wp","href":"https:\/\/api.w.org\/{rel}","templated":true}]}}