{"id":6032,"date":"2021-11-19T01:11:11","date_gmt":"2021-11-19T00:11:11","guid":{"rendered":"https:\/\/hartika.com\/?page_id=6032"},"modified":"2021-11-19T02:38:54","modified_gmt":"2021-11-19T01:38:54","slug":"error-404","status":"publish","type":"page","link":"https:\/\/hartika.com\/lt\/error-404\/","title":{"rendered":"ERROR 404"},"content":{"rendered":"<div id=\"pl-6032\"  class=\"panel-layout\" ><div id=\"pg-6032-0\"  class=\"panel-grid panel-has-style\" ><div style=\"padding: 100px 0px 150px 0px;\" class=\"panel-row-style panel-row-style-for-6032-0\" ><div id=\"pgc-6032-0-0\"  class=\"panel-grid-cell\" ><div id=\"panel-6032-0-0-0\" class=\"so-panel widget widget_sow-editor panel-first-child\" data-index=\"0\" style=\"margin-bottom: 30px\" ><div class=\"panel-widget-style panel-widget-style-for-6032-0-0-0\" ><div\n\t\t\t\n\t\t\tclass=\"so-widget-sow-editor so-widget-sow-editor-base\"\n\t\t\t\n\t\t>\n<div class=\"siteorigin-widget-tinymce textwidget\">\n\t<h5 style=\"margin-bottom: 0px; text-align: center;\"><span style=\"font-size: 40px;\">\u0160i svetain\u0117 neegzistuoja.<\/span><br \/>\n<span style=\"font-size: 40px;\">Error 404<\/span><\/h5>\n<\/div>\n<\/div><\/div><\/div><div id=\"panel-6032-0-0-1\" class=\"so-panel widget widget_ozimas-button-widget panel-last-child\" data-index=\"1\" style=\"margin: 100px 0px 0px 0px;\" ><div class=\"panel-widget-style panel-widget-style-for-6032-0-0-1\" ><div\n\t\t\t\n\t\t\tclass=\"so-widget-ozimas-button-widget so-widget-ozimas-button-widget-style-d75171398898-6032\"\n\t\t\t\n\t\t>\n<div style=\"text-align: center\" class=\"ozimasbutton\">\n\t<a \n\t\tstyle=\"\t\t\tcolor: #000000; \t\t\tfont-size: 1,9em; \t\t\tfont-weight: 600; \t\t\tbackground-color: initial;\t\t\ttext-decoration: none;\t\t\tpadding-top: 10px;\t\t\tpadding-bottom: 10px;\t\t\tpadding-right: 15px;\t\t\tpadding-left: 15px;\t\t\tborder-radius: 0px;\t\t\tborder-top: 0px solid black;\t\t\tborder-bottom: 0px solid black;\t\t\tborder-right: 0px solid black;\t\t\tborder-left: 0px solid black;\t\t\t\"\n\t\tonclick=\"\"\n\t\tclass=\"ozimasbutton__link button__hover\" \n\t\thref=\"https:\/\/hartika.com\/lt\" \n\t\ttarget=\"_self\">\n\t\t\tGR\u012e\u017dTI \u012e PAGRINDIN\u012e PUSLAP\u012e\t<\/a>\n\t\n\t<\/div>\n<\/div><\/div><\/div><\/div><\/div><\/div><\/div>","protected":false},"excerpt":{"rendered":"<p>\u0160i svetain\u0117 neegzistuoja. Error 404<\/p>","protected":false},"author":6,"featured_media":0,"parent":0,"menu_order":0,"comment_status":"closed","ping_status":"closed","template":"","meta":{"_acf_changed":false,"footnotes":""},"class_list":["post-6032","page","type-page","status-publish","hentry","post"],"acf":[],"yoast_head":"<!-- This site is optimized with the Yoast SEO Premium plugin v20.6 (Yoast SEO v27.4) - https:\/\/yoast.com\/product\/yoast-seo-premium-wordpress\/ -->\n<title>Hartika terasos. Kompozitini\u0173 PVC paklot\u0173 ir tvor\u0173 gamintojas.<\/title>\n<meta name=\"description\" content=\"Kompozitin\u0117s terasin\u0117s lentos ir tvoros, pvc kompozitin\u0117s lentos, terasin\u0117s lentos, kompozitin\u0117s tvoros, kompozitini\u0173 lent\u0173 gamintojas, WPC\" \/>\n<meta name=\"robots\" content=\"index, follow, max-snippet:-1, max-image-preview:large, max-video-preview:-1\" \/>\n<link rel=\"canonical\" href=\"https:\/\/hartika.com\/lt\/error-404\/\" \/>\n<meta property=\"og:locale\" content=\"lt_LT\" \/>\n<meta property=\"og:type\" content=\"article\" \/>\n<meta property=\"og:title\" content=\"ERROR 404\" \/>\n<meta property=\"og:description\" content=\"\u0160i svetain\u0117 neegzistuoja. Error 404\" \/>\n<meta property=\"og:url\" content=\"https:\/\/hartika.com\/lt\/error-404\/\" \/>\n<meta property=\"og:site_name\" content=\"Hartika. Pi\u0119kno na lata.\" \/>\n<meta property=\"article:publisher\" content=\"https:\/\/www.facebook.com\/people\/Tarasy-Hartika\/100057582753952\/\" \/>\n<meta property=\"article:modified_time\" content=\"2021-11-19T01:38:54+00:00\" \/>\n<meta property=\"og:image\" content=\"https:\/\/hartika.com\/wp-content\/uploads\/2022\/12\/Tarasy_Kompozytowe_Hartika801.jpg\" \/>\n\t<meta property=\"og:image:width\" content=\"800\" \/>\n\t<meta property=\"og:image:height\" content=\"534\" \/>\n\t<meta property=\"og:image:type\" content=\"image\/jpeg\" \/>\n<meta name=\"twitter:card\" content=\"summary_large_image\" \/>\n<meta name=\"twitter:label1\" content=\"Est. reading time\" \/>\n\t<meta name=\"twitter:data1\" content=\"1 minut\u0117\" \/>\n<script type=\"application\/ld+json\" class=\"yoast-schema-graph\">{\"@context\":\"https:\\\/\\\/schema.org\",\"@graph\":[{\"@type\":\"WebPage\",\"@id\":\"https:\\\/\\\/hartika.com\\\/lt\\\/error-404\\\/\",\"url\":\"https:\\\/\\\/hartika.com\\\/lt\\\/error-404\\\/\",\"name\":\"Hartika terasos. Kompozitini\u0173 PVC paklot\u0173 ir tvor\u0173 gamintojas.\",\"isPartOf\":{\"@id\":\"https:\\\/\\\/hartika.com\\\/lt\\\/#website\"},\"datePublished\":\"2021-11-19T00:11:11+00:00\",\"dateModified\":\"2021-11-19T01:38:54+00:00\",\"description\":\"Kompozitin\u0117s terasin\u0117s lentos ir tvoros, pvc kompozitin\u0117s lentos, terasin\u0117s lentos, kompozitin\u0117s tvoros, kompozitini\u0173 lent\u0173 gamintojas, WPC\",\"breadcrumb\":{\"@id\":\"https:\\\/\\\/hartika.com\\\/lt\\\/error-404\\\/#breadcrumb\"},\"inLanguage\":\"lt-LT\",\"potentialAction\":[{\"@type\":\"ReadAction\",\"target\":[\"https:\\\/\\\/hartika.com\\\/lt\\\/error-404\\\/\"]}]},{\"@type\":\"BreadcrumbList\",\"@id\":\"https:\\\/\\\/hartika.com\\\/lt\\\/error-404\\\/#breadcrumb\",\"itemListElement\":[{\"@type\":\"ListItem\",\"position\":1,\"name\":\"Strona g\u0142\u00f3wna\",\"item\":\"https:\\\/\\\/hartika.com\\\/lt\\\/strona-glowna\\\/\"},{\"@type\":\"ListItem\",\"position\":2,\"name\":\"ERROR 404\"}]},{\"@type\":\"WebSite\",\"@id\":\"https:\\\/\\\/hartika.com\\\/lt\\\/#website\",\"url\":\"https:\\\/\\\/hartika.com\\\/lt\\\/\",\"name\":\"Tarasy i ogrodzenia kompozytowe Hartika. Pi\u0119kno na lata.\",\"description\":\"Producent taras\u00f3w i ogrodze\u0144 kompozytowych.\",\"publisher\":{\"@id\":\"https:\\\/\\\/hartika.com\\\/lt\\\/#organization\"},\"alternateName\":\"Tarasy i ogrodzenia kompozytowe Hartika.\",\"potentialAction\":[{\"@type\":\"SearchAction\",\"target\":{\"@type\":\"EntryPoint\",\"urlTemplate\":\"https:\\\/\\\/hartika.com\\\/lt\\\/?s={search_term_string}\"},\"query-input\":{\"@type\":\"PropertyValueSpecification\",\"valueRequired\":true,\"valueName\":\"search_term_string\"}}],\"inLanguage\":\"lt-LT\"},{\"@type\":[\"Organization\",\"Place\",\"Corporation\"],\"@id\":\"https:\\\/\\\/hartika.com\\\/lt\\\/#organization\",\"name\":\"Hartika Sp. z o.o.\",\"alternateName\":\"Hartika WPC\",\"url\":\"https:\\\/\\\/hartika.com\\\/lt\\\/\",\"logo\":{\"@id\":\"https:\\\/\\\/hartika.com\\\/lt\\\/error-404\\\/#local-main-organization-logo\"},\"image\":{\"@id\":\"https:\\\/\\\/hartika.com\\\/lt\\\/error-404\\\/#local-main-organization-logo\"},\"sameAs\":[\"https:\\\/\\\/www.facebook.com\\\/people\\\/Tarasy-Hartika\\\/100057582753952\\\/\",\"https:\\\/\\\/ke.linkedin.com\\\/company\\\/hartika\"],\"address\":{\"@id\":\"https:\\\/\\\/hartika.com\\\/lt\\\/error-404\\\/#local-main-place-address\"},\"geo\":{\"@type\":\"GeoCoordinates\",\"latitude\":\"53.55530067584501\",\"longitude\":\"22.309762340482035\"},\"telephone\":[\"+48864442020\"],\"openingHoursSpecification\":[{\"@type\":\"OpeningHoursSpecification\",\"dayOfWeek\":[\"Monday\",\"Tuesday\",\"Wednesday\",\"Thursday\",\"Friday\"],\"opens\":\"08:00\",\"closes\":\"16:00\"},{\"@type\":\"OpeningHoursSpecification\",\"dayOfWeek\":[\"Saturday\",\"Sunday\"],\"opens\":\"00:00\",\"closes\":\"00:00\"}],\"email\":\"hartika@hartika.com\",\"areaServed\":\"Europa\",\"vatID\":\"PL5423070660\",\"taxID\":\"5423070660\"},{\"@type\":\"PostalAddress\",\"@id\":\"https:\\\/\\\/hartika.com\\\/lt\\\/error-404\\\/#local-main-place-address\",\"streetAddress\":\"ul. Przemys\u0142owa 9\",\"addressLocality\":\"Szczuczyn\",\"postalCode\":\"19-230\",\"addressRegion\":\"Podlaskie\",\"addressCountry\":\"PL\"},{\"@type\":\"ImageObject\",\"inLanguage\":\"lt-LT\",\"@id\":\"https:\\\/\\\/hartika.com\\\/lt\\\/error-404\\\/#local-main-organization-logo\",\"url\":\"https:\\\/\\\/hartika.com\\\/wp-content\\\/uploads\\\/2019\\\/10\\\/LOGO.svg\",\"contentUrl\":\"https:\\\/\\\/hartika.com\\\/wp-content\\\/uploads\\\/2019\\\/10\\\/LOGO.svg\",\"caption\":\"Hartika Sp. z o.o.\"}]}<\/script>\n<meta name=\"geo.placename\" content=\"Szczuczyn\" \/>\n<meta name=\"geo.position\" content=\"53.55530067584501;22.309762340482035\" \/>\n<meta name=\"geo.region\" content=\"Poland\" \/>\n<!-- \/ Yoast SEO Premium plugin. -->","yoast_head_json":{"title":"Hartika terasos. Kompozitini\u0173 PVC paklot\u0173 ir tvor\u0173 gamintojas.","description":"Kompozitin\u0117s terasin\u0117s lentos ir tvoros, pvc kompozitin\u0117s lentos, terasin\u0117s lentos, kompozitin\u0117s tvoros, kompozitini\u0173 lent\u0173 gamintojas, WPC","robots":{"index":"index","follow":"follow","max-snippet":"max-snippet:-1","max-image-preview":"max-image-preview:large","max-video-preview":"max-video-preview:-1"},"canonical":"https:\/\/hartika.com\/lt\/error-404\/","og_locale":"lt_LT","og_type":"article","og_title":"ERROR 404","og_description":"\u0160i svetain\u0117 neegzistuoja. Error 404","og_url":"https:\/\/hartika.com\/lt\/error-404\/","og_site_name":"Hartika. Pi\u0119kno na lata.","article_publisher":"https:\/\/www.facebook.com\/people\/Tarasy-Hartika\/100057582753952\/","article_modified_time":"2021-11-19T01:38:54+00:00","og_image":[{"width":800,"height":534,"url":"https:\/\/hartika.com\/wp-content\/uploads\/2022\/12\/Tarasy_Kompozytowe_Hartika801.jpg","type":"image\/jpeg"}],"twitter_card":"summary_large_image","twitter_misc":{"Est. reading time":"1 minut\u0117"},"schema":{"@context":"https:\/\/schema.org","@graph":[{"@type":"WebPage","@id":"https:\/\/hartika.com\/lt\/error-404\/","url":"https:\/\/hartika.com\/lt\/error-404\/","name":"Hartika terasos. Kompozitini\u0173 PVC paklot\u0173 ir tvor\u0173 gamintojas.","isPartOf":{"@id":"https:\/\/hartika.com\/lt\/#website"},"datePublished":"2021-11-19T00:11:11+00:00","dateModified":"2021-11-19T01:38:54+00:00","description":"Kompozitin\u0117s terasin\u0117s lentos ir tvoros, pvc kompozitin\u0117s lentos, terasin\u0117s lentos, kompozitin\u0117s tvoros, kompozitini\u0173 lent\u0173 gamintojas, WPC","breadcrumb":{"@id":"https:\/\/hartika.com\/lt\/error-404\/#breadcrumb"},"inLanguage":"lt-LT","potentialAction":[{"@type":"ReadAction","target":["https:\/\/hartika.com\/lt\/error-404\/"]}]},{"@type":"BreadcrumbList","@id":"https:\/\/hartika.com\/lt\/error-404\/#breadcrumb","itemListElement":[{"@type":"ListItem","position":1,"name":"Strona g\u0142\u00f3wna","item":"https:\/\/hartika.com\/lt\/strona-glowna\/"},{"@type":"ListItem","position":2,"name":"ERROR 404"}]},{"@type":"WebSite","@id":"https:\/\/hartika.com\/lt\/#website","url":"https:\/\/hartika.com\/lt\/","name":"Tarasy i ogrodzenia kompozytowe Hartika. Pi\u0119kno na lata.","description":"Producent taras\u00f3w i ogrodze\u0144 kompozytowych.","publisher":{"@id":"https:\/\/hartika.com\/lt\/#organization"},"alternateName":"Tarasy i ogrodzenia kompozytowe Hartika.","potentialAction":[{"@type":"SearchAction","target":{"@type":"EntryPoint","urlTemplate":"https:\/\/hartika.com\/lt\/?s={search_term_string}"},"query-input":{"@type":"PropertyValueSpecification","valueRequired":true,"valueName":"search_term_string"}}],"inLanguage":"lt-LT"},{"@type":["Organization","Place","Corporation"],"@id":"https:\/\/hartika.com\/lt\/#organization","name":"Hartika Sp. z o.o.","alternateName":"Hartika WPC","url":"https:\/\/hartika.com\/lt\/","logo":{"@id":"https:\/\/hartika.com\/lt\/error-404\/#local-main-organization-logo"},"image":{"@id":"https:\/\/hartika.com\/lt\/error-404\/#local-main-organization-logo"},"sameAs":["https:\/\/www.facebook.com\/people\/Tarasy-Hartika\/100057582753952\/","https:\/\/ke.linkedin.com\/company\/hartika"],"address":{"@id":"https:\/\/hartika.com\/lt\/error-404\/#local-main-place-address"},"geo":{"@type":"GeoCoordinates","latitude":"53.55530067584501","longitude":"22.309762340482035"},"telephone":["+48864442020","+48864442020"],"openingHoursSpecification":[{"@type":"OpeningHoursSpecification","dayOfWeek":["Monday","Tuesday","Wednesday","Thursday","Friday"],"opens":"08:00","closes":"16:00"},{"@type":"OpeningHoursSpecification","dayOfWeek":["Saturday","Sunday"],"opens":"00:00","closes":"00:00"}],"email":"hartika@hartika.com","areaServed":"Europa","vatID":"PL5423070660","taxID":"5423070660"},{"@type":"PostalAddress","@id":"https:\/\/hartika.com\/lt\/error-404\/#local-main-place-address","streetAddress":"ul. Przemys\u0142owa 9","addressLocality":"Szczuczyn","postalCode":"19-230","addressRegion":"Podlaskie","addressCountry":"PL"},{"@type":"ImageObject","inLanguage":"lt-LT","@id":"https:\/\/hartika.com\/lt\/error-404\/#local-main-organization-logo","url":"https:\/\/hartika.com\/wp-content\/uploads\/2019\/10\/LOGO.svg","contentUrl":"https:\/\/hartika.com\/wp-content\/uploads\/2019\/10\/LOGO.svg","caption":"Hartika Sp. z o.o."}]},"geo.placename":"Szczuczyn","geo.position":{"lat":"53.55530067584501","long":"22.309762340482035"},"geo.region":"Poland"},"_links":{"self":[{"href":"https:\/\/hartika.com\/lt\/wp-json\/wp\/v2\/pages\/6032","targetHints":{"allow":["GET"]}}],"collection":[{"href":"https:\/\/hartika.com\/lt\/wp-json\/wp\/v2\/pages"}],"about":[{"href":"https:\/\/hartika.com\/lt\/wp-json\/wp\/v2\/types\/page"}],"author":[{"embeddable":true,"href":"https:\/\/hartika.com\/lt\/wp-json\/wp\/v2\/users\/6"}],"replies":[{"embeddable":true,"href":"https:\/\/hartika.com\/lt\/wp-json\/wp\/v2\/comments?post=6032"}],"version-history":[{"count":0,"href":"https:\/\/hartika.com\/lt\/wp-json\/wp\/v2\/pages\/6032\/revisions"}],"wp:attachment":[{"href":"https:\/\/hartika.com\/lt\/wp-json\/wp\/v2\/media?parent=6032"}],"curies":[{"name":"wp","href":"https:\/\/api.w.org\/{rel}","templated":true}]}}