{"id":5651,"date":"2021-10-10T21:55:56","date_gmt":"2021-10-10T19:55:56","guid":{"rendered":"https:\/\/hartika.com\/?page_id=5651"},"modified":"2021-10-10T22:04:44","modified_gmt":"2021-10-10T20:04:44","slug":"atsisiusti","status":"publish","type":"page","link":"https:\/\/hartika.com\/lt\/atsisiusti\/","title":{"rendered":"Atsisi\u0173sti"},"content":{"rendered":"<div id=\"pl-5651\"  class=\"panel-layout\" ><div id=\"pg-5651-0\"  class=\"panel-grid panel-has-style\"  style=\"margin-bottom: 60px\" ><div style=\"padding: 60px 0px 0px 0px;\" class=\"panel-row-style panel-row-style-for-5651-0\" ><div id=\"pgc-5651-0-0\"  class=\"panel-grid-cell\" ><div id=\"panel-5651-0-0-0\" class=\"so-panel widget widget_ozimas-header__with_line-widget panel-first-child panel-last-child\" data-index=\"0\" ><div\n\t\t\t\n\t\t\tclass=\"so-widget-ozimas-header__with_line-widget so-widget-ozimas-header__with_line-widget-style-d75171398898-5651\"\n\t\t\t\n\t\t>\n<div class=\"ozimas__header-with-line\">\n\t<div class=\"ozimas__header-line-left\" \n\t\tstyle=\"\t\t\tbackground-color: #000;\t\t\twidth: 130px; \t\t\theight: 1px; \t\t\t\"><\/div>\n\t<h1 class=\"ozimas__header-text\" \n\t\tstyle=\"\t\t\tcolor: #000;\t\t\tbackground-color: unset;\t\t\tpadding: 0;\t\t\tmargin-left: 30px;\t\t\tmargin-right: 30px;\t\t\tfont-size: 24px;\t\t\">\n\t\tAtsisi\u0173sti\t<\/h1>\n\t<div class=\"ozimas__header-line-right\" \n\t\tstyle=\"\t\t\tbackground-color: #000;\t\t\twidth: 130px; \t\t\theight: 1px; \t\t\t\"><\/div>\n<\/div>\n<\/div><\/div><\/div><\/div><\/div><div id=\"pg-5651-1\"  class=\"panel-grid panel-no-style\"  style=\"margin-bottom: 30px\" ><div id=\"pgc-5651-1-0\"  class=\"panel-grid-cell\" ><div id=\"panel-5651-1-0-0\" class=\"so-panel widget widget_siteorigin-panels-builder panel-first-child panel-last-child\" data-index=\"1\" ><div id=\"pl-w69e395efaa0ad\"  class=\"panel-layout\" ><div id=\"pg-w69e395efaa0ad-0\"  class=\"panel-grid panel-has-style\" ><div class=\"box__download panel-row-style panel-row-style-for-w69e395efaa0ad-0\" ><div id=\"pgc-w69e395efaa0ad-0-0\"  class=\"panel-grid-cell\" ><div id=\"panel-w69e395efaa0ad-0-0-0\" class=\"so-panel widget widget_sow-image panel-first-child panel-last-child\" data-index=\"0\" style=\"margin: 0px 15px 0px 15px;\" ><div\n\t\t\t\n\t\t\tclass=\"so-widget-sow-image so-widget-sow-image-default-e4c2d9f6c920\"\n\t\t\t\n\t\t>\n<div class=\"sow-image-container\">\n\t\t\t<a href=\"\/instrukcja-montazu-pelna.pdf\"\n\t\t\ttarget=\"_blank\" rel=\"noopener noreferrer\" \t\t>\n\t\t\t<img wpfc-lazyload-disable=\"true\" \n\tsrc=\"https:\/\/hartika.com\/wp-content\/uploads\/2018\/10\/okladka_instrukcja.jpg\" width=\"150\" height=\"211\" sizes=\"(max-width: 150px) 100vw, 150px\" alt=\"\" \t\tclass=\"so-widget-image\"\/>\n\t\t\t<\/a><\/div>\n\n<\/div><\/div><\/div><div id=\"pgc-w69e395efaa0ad-0-1\"  class=\"panel-grid-cell\" ><div id=\"panel-w69e395efaa0ad-0-1-0\" class=\"so-panel widget widget_sow-editor panel-first-child panel-last-child\" data-index=\"1\" ><div\n\t\t\t\n\t\t\tclass=\"so-widget-sow-editor so-widget-sow-editor-base\"\n\t\t\t\n\t\t>\n<div class=\"siteorigin-widget-tinymce textwidget\">\n\t<p><span lang=\"EN-GB\">Installation instructions terraces<br \/>\n<\/span><strong><a href=\"\/instrukcja-montazu-pelna.pdf\" target=\"_blank\" rel=\"noopener noreferrer\">Download PDF<\/a><\/strong><\/p>\n<\/div>\n<\/div><\/div><\/div><\/div><\/div><\/div><\/div><\/div><div id=\"pgc-5651-1-1\"  class=\"panel-grid-cell\" ><div id=\"panel-5651-1-1-0\" class=\"so-panel widget widget_siteorigin-panels-builder panel-first-child panel-last-child\" data-index=\"2\" ><div id=\"pl-w69e395efacd41\"  class=\"panel-layout\" ><div id=\"pg-w69e395efacd41-0\"  class=\"panel-grid panel-has-style\" ><div class=\"box__download panel-row-style panel-row-style-for-w69e395efacd41-0\" ><div id=\"pgc-w69e395efacd41-0-0\"  class=\"panel-grid-cell\" ><div id=\"panel-w69e395efacd41-0-0-0\" class=\"so-panel widget widget_sow-image panel-first-child panel-last-child\" data-index=\"0\" style=\"margin: 0px 15px 0px 15px;\" ><div\n\t\t\t\n\t\t\tclass=\"so-widget-sow-image so-widget-sow-image-default-e4c2d9f6c920\"\n\t\t\t\n\t\t>\n<div class=\"sow-image-container\">\n\t\t\t<a href=\"\/wp-content\/uploads\/2020\/04\/29728_HAR_Tarasy_i_ogrodzenia_EN_01_www150-new.pdf\"\n\t\t\ttarget=\"_blank\" rel=\"noopener noreferrer\" \t\t>\n\t\t\t<img wpfc-lazyload-disable=\"true\" \n\tsrc=\"https:\/\/hartika.com\/wp-content\/uploads\/2019\/01\/okladka_en.jpg\" width=\"150\" height=\"217\" sizes=\"(max-width: 150px) 100vw, 150px\" alt=\"\" \t\tclass=\"so-widget-image\"\/>\n\t\t\t<\/a><\/div>\n\n<\/div><\/div><\/div><div id=\"pgc-w69e395efacd41-0-1\"  class=\"panel-grid-cell\" ><div id=\"panel-w69e395efacd41-0-1-0\" class=\"so-panel widget widget_sow-editor panel-first-child panel-last-child\" data-index=\"1\" ><div\n\t\t\t\n\t\t\tclass=\"so-widget-sow-editor so-widget-sow-editor-base\"\n\t\t\t\n\t\t>\n<div class=\"siteorigin-widget-tinymce textwidget\">\n\t<p>Catalogue<br \/>\n<strong><a href=\"\/wp-content\/uploads\/2020\/04\/29728_HAR_Tarasy_i_ogrodzenia_EN_01_www150-new.pdf\" target=\"_blank\" rel=\"noopener noreferrer\">Download PDF<\/a><\/strong><\/p>\n<\/div>\n<\/div><\/div><\/div><\/div><\/div><\/div><\/div><\/div><div id=\"pgc-5651-1-2\"  class=\"panel-grid-cell\" ><div id=\"panel-5651-1-2-0\" class=\"so-panel widget widget_siteorigin-panels-builder panel-first-child panel-last-child\" data-index=\"3\" ><div id=\"pl-w69e395efade7a\"  class=\"panel-layout\" ><div id=\"pg-w69e395efade7a-0\"  class=\"panel-grid panel-has-style\" ><div class=\"box__download panel-row-style panel-row-style-for-w69e395efade7a-0\" ><div id=\"pgc-w69e395efade7a-0-0\"  class=\"panel-grid-cell\" ><div id=\"panel-w69e395efade7a-0-0-0\" class=\"so-panel widget widget_sow-image panel-first-child panel-last-child\" data-index=\"0\" style=\"margin: 0px 15px 0px 15px;\" ><div\n\t\t\t\n\t\t\tclass=\"so-widget-sow-image so-widget-sow-image-default-e4c2d9f6c920\"\n\t\t\t\n\t\t>\n<div class=\"sow-image-container\">\n\t\t\t<a href=\"\/wp-content\/uploads\/2020\/04\/29728_HAR_ulotka_tarasy_A5_EN_01_www-1.pdf\"\n\t\t\ttarget=\"_blank\" rel=\"noopener noreferrer\" \t\t>\n\t\t\t<img wpfc-lazyload-disable=\"true\" \n\tsrc=\"https:\/\/hartika.com\/wp-content\/uploads\/2018\/06\/29152_HAR_ulotka_A5_EN_02_www_okl.jpg\" width=\"150\" height=\"221\" sizes=\"(max-width: 150px) 100vw, 150px\" alt=\"\" \t\tclass=\"so-widget-image\"\/>\n\t\t\t<\/a><\/div>\n\n<\/div><\/div><\/div><div id=\"pgc-w69e395efade7a-0-1\"  class=\"panel-grid-cell\" ><div id=\"panel-w69e395efade7a-0-1-0\" class=\"so-panel widget widget_sow-editor panel-first-child panel-last-child\" data-index=\"1\" ><div\n\t\t\t\n\t\t\tclass=\"so-widget-sow-editor so-widget-sow-editor-base\"\n\t\t\t\n\t\t>\n<div class=\"siteorigin-widget-tinymce textwidget\">\n\t<p>Leaflet<br \/>\n<strong><a href=\"\/wp-content\/uploads\/2020\/04\/29728_HAR_ulotka_tarasy_A5_EN_01_www-1.pdf\" target=\"_blank\" rel=\"noopener noreferrer\">Download PDF<\/a><\/strong><\/p>\n<\/div>\n<\/div><\/div><\/div><\/div><\/div><\/div><\/div><\/div><\/div><div id=\"pg-5651-2\"  class=\"panel-grid panel-no-style\" ><div id=\"pgc-5651-2-0\"  class=\"panel-grid-cell\" ><div id=\"panel-5651-2-0-0\" class=\"so-panel widget widget_siteorigin-panels-builder panel-first-child panel-last-child\" data-index=\"4\" ><div id=\"pl-w69e395efaf066\"  class=\"panel-layout\" ><div id=\"pg-w69e395efaf066-0\"  class=\"panel-grid panel-has-style\" ><div class=\"box__download panel-row-style panel-row-style-for-w69e395efaf066-0\" ><div id=\"pgc-w69e395efaf066-0-0\"  class=\"panel-grid-cell\" ><div id=\"panel-w69e395efaf066-0-0-0\" class=\"so-panel widget widget_sow-image panel-first-child panel-last-child\" data-index=\"0\" style=\"margin: 0px 15px 0px 15px;\" ><div\n\t\t\t\n\t\t\tclass=\"so-widget-sow-image so-widget-sow-image-default-e4c2d9f6c920\"\n\t\t\t\n\t\t>\n<div class=\"sow-image-container\">\n\t\t\t<a href=\"\/wp-content\/uploads\/2019\/02\/atest-PZH.pdf\"\n\t\t\ttarget=\"_blank\" rel=\"noopener noreferrer\" \t\t>\n\t\t\t<img wpfc-lazyload-disable=\"true\" \n\tsrc=\"https:\/\/hartika.com\/wp-content\/uploads\/2019\/02\/atest-PZH.jpg\" width=\"150\" height=\"212\" sizes=\"(max-width: 150px) 100vw, 150px\" alt=\"atest\" \t\tclass=\"so-widget-image\"\/>\n\t\t\t<\/a><\/div>\n\n<\/div><\/div><\/div><div id=\"pgc-w69e395efaf066-0-1\"  class=\"panel-grid-cell\" ><div id=\"panel-w69e395efaf066-0-1-0\" class=\"so-panel widget widget_sow-editor panel-first-child panel-last-child\" data-index=\"1\" ><div\n\t\t\t\n\t\t\tclass=\"so-widget-sow-editor so-widget-sow-editor-base\"\n\t\t\t\n\t\t>\n<div class=\"siteorigin-widget-tinymce textwidget\">\n\t<p>\tNational Institute of Hygiene (PZH) certificate<br \/>\n<strong><a href=\"\/wp-content\/uploads\/2019\/02\/atest-PZH.pdf\" target=\"_blank\" rel=\"noopener noreferrer\">Download PDF<\/a><\/strong><\/p>\n<\/div>\n<\/div><\/div><\/div><\/div><\/div><\/div><\/div><\/div><div id=\"pgc-5651-2-1\"  class=\"panel-grid-cell\" ><div id=\"panel-5651-2-1-0\" class=\"so-panel widget widget_siteorigin-panels-builder panel-first-child panel-last-child\" data-index=\"5\" ><div id=\"pl-w69e395efb0250\"  class=\"panel-layout\" ><div id=\"pg-w69e395efb0250-0\"  class=\"panel-grid panel-has-style\" ><div class=\"box__download panel-row-style panel-row-style-for-w69e395efb0250-0\" ><div id=\"pgc-w69e395efb0250-0-0\"  class=\"panel-grid-cell\" ><div id=\"panel-w69e395efb0250-0-0-0\" class=\"so-panel widget widget_sow-image panel-first-child panel-last-child\" data-index=\"0\" style=\"margin: 0px 15px 0px 15px;\" ><div\n\t\t\t\n\t\t\tclass=\"so-widget-sow-image so-widget-sow-image-default-e4c2d9f6c920\"\n\t\t\t\n\t\t>\n<div class=\"sow-image-container\">\n\t\t\t<a href=\"\/wp-content\/uploads\/2020\/02\/29728_HAR_Instrukcja_montazu_deska_Parkan_PL_EN.pdf\"\n\t\t\ttarget=\"_blank\" rel=\"noopener noreferrer\" \t\t>\n\t\t\t<img wpfc-lazyload-disable=\"true\" \n\tsrc=\"https:\/\/hartika.com\/wp-content\/uploads\/2020\/02\/29728_HAR_Instrukcja_montazu_deska_ogr_PL_EN_05_okl.jpg\" width=\"595\" height=\"842\" srcset=\"https:\/\/hartika.com\/wp-content\/uploads\/2020\/02\/29728_HAR_Instrukcja_montazu_deska_ogr_PL_EN_05_okl.jpg 595w,  https:\/\/hartika.com\/wp-content\/uploads\/2020\/02\/29728_HAR_Instrukcja_montazu_deska_ogr_PL_EN_05_okl-212x300.jpg 212w\" sizes=\"(max-width: 595px) 100vw, 595px\" alt=\"instrukcja monta\u017cu ogrodze\u0144 z deski kompozytowej\" \t\tclass=\"so-widget-image\"\/>\n\t\t\t<\/a><\/div>\n\n<\/div><\/div><\/div><div id=\"pgc-w69e395efb0250-0-1\"  class=\"panel-grid-cell\" ><div id=\"panel-w69e395efb0250-0-1-0\" class=\"so-panel widget widget_sow-editor panel-first-child panel-last-child\" data-index=\"1\" ><div\n\t\t\t\n\t\t\tclass=\"so-widget-sow-editor so-widget-sow-editor-base\"\n\t\t\t\n\t\t>\n<div class=\"siteorigin-widget-tinymce textwidget\">\n\t<p><span lang=\"EN-GB\">Installation instructions fences<br \/>\n<\/span><strong><a href=\"\/wp-content\/uploads\/2020\/02\/29728_HAR_Instrukcja_montazu_deska_Parkan_PL_EN.pdf\" target=\"_blank\" rel=\"noopener noreferrer\">Download PDF<\/a><\/strong><\/p>\n<\/div>\n<\/div><\/div><\/div><\/div><\/div><\/div><\/div><\/div><div id=\"pgc-5651-2-2\"  class=\"panel-grid-cell\" ><div id=\"panel-5651-2-2-0\" class=\"so-panel widget widget_siteorigin-panels-builder panel-first-child panel-last-child\" data-index=\"6\" ><div id=\"pl-w69e395efb13f3\"  class=\"panel-layout\" ><div id=\"pg-w69e395efb13f3-0\"  class=\"panel-grid panel-has-style\" ><div class=\"box__download panel-row-style panel-row-style-for-w69e395efb13f3-0\" ><div id=\"pgc-w69e395efb13f3-0-0\"  class=\"panel-grid-cell\" ><div id=\"panel-w69e395efb13f3-0-0-0\" class=\"so-panel widget widget_sow-image panel-first-child panel-last-child\" data-index=\"0\" style=\"margin: 0px 15px 0px 15px;\" ><div\n\t\t\t\n\t\t\tclass=\"so-widget-sow-image so-widget-sow-image-default-e4c2d9f6c920\"\n\t\t\t\n\t\t>\n<div class=\"sow-image-container\">\n\t\t\t<a href=\"\/wp-content\/uploads\/2020\/04\/29642_HAR_deska_ogr_Ulotka_A5_EN_02_www.pdf\"\n\t\t\ttarget=\"_blank\" rel=\"noopener noreferrer\" \t\t>\n\t\t\t<img wpfc-lazyload-disable=\"true\" \n\tsrc=\"https:\/\/hartika.com\/wp-content\/uploads\/2020\/04\/29642_HAR_deska_ogr_Ulotka_A5_EN_02_okl.jpg\" width=\"874\" height=\"1240\" srcset=\"https:\/\/hartika.com\/wp-content\/uploads\/2020\/04\/29642_HAR_deska_ogr_Ulotka_A5_EN_02_okl.jpg 874w,  https:\/\/hartika.com\/wp-content\/uploads\/2020\/04\/29642_HAR_deska_ogr_Ulotka_A5_EN_02_okl-211x300.jpg 211w,  https:\/\/hartika.com\/wp-content\/uploads\/2020\/04\/29642_HAR_deska_ogr_Ulotka_A5_EN_02_okl-722x1024.jpg 722w,  https:\/\/hartika.com\/wp-content\/uploads\/2020\/04\/29642_HAR_deska_ogr_Ulotka_A5_EN_02_okl-768x1090.jpg 768w\" sizes=\"(max-width: 874px) 100vw, 874px\" alt=\"\" \t\tclass=\"so-widget-image\"\/>\n\t\t\t<\/a><\/div>\n\n<\/div><\/div><\/div><div id=\"pgc-w69e395efb13f3-0-1\"  class=\"panel-grid-cell\" ><div id=\"panel-w69e395efb13f3-0-1-0\" class=\"so-panel widget widget_sow-editor panel-first-child panel-last-child\" data-index=\"1\" ><div\n\t\t\t\n\t\t\tclass=\"so-widget-sow-editor so-widget-sow-editor-base\"\n\t\t\t\n\t\t>\n<div class=\"siteorigin-widget-tinymce textwidget\">\n\t<p>Leaflet<br \/>\n<strong><a href=\"\/wp-content\/uploads\/2020\/04\/29642_HAR_deska_ogr_Ulotka_A5_EN_02_www.pdf\" target=\"_blank\" rel=\"noopener noreferrer\">Download PDF<\/a><\/strong><\/p>\n<\/div>\n<\/div><\/div><\/div><\/div><\/div><\/div><\/div><\/div><\/div><\/div>","protected":false},"excerpt":{"rendered":"<p>Atsisi\u0173sti Installation instructions terraces Download PDF Catalogue Download PDF Leaflet Download PDF National Institute of Hygiene (PZH) certificate Download PDF Installation instructions fences Download PDF Leaflet Download PDF<\/p>","protected":false},"author":6,"featured_media":8711,"parent":0,"menu_order":0,"comment_status":"closed","ping_status":"closed","template":"","meta":{"_acf_changed":false,"footnotes":""},"class_list":["post-5651","page","type-page","status-publish","has-post-thumbnail","hentry","post"],"acf":[],"yoast_head":"<!-- This site is optimized with the Yoast SEO Premium plugin v20.6 (Yoast SEO v27.2) - https:\/\/yoast.com\/product\/yoast-seo-premium-wordpress\/ -->\n<title>Atsisi\u0173sti - Hartika. Pi\u0119kno na lata.<\/title>\n<meta name=\"robots\" content=\"index, follow, max-snippet:-1, max-image-preview:large, max-video-preview:-1\" \/>\n<link rel=\"canonical\" href=\"https:\/\/hartika.com\/lt\/atsisiusti\/\" \/>\n<meta property=\"og:locale\" content=\"lt_LT\" \/>\n<meta property=\"og:type\" content=\"article\" \/>\n<meta property=\"og:title\" content=\"Atsisi\u0173sti\" \/>\n<meta property=\"og:description\" content=\"Installation instructions terraces Download PDF Catalogue Download PDF Leaflet Download PDF National Institute of Hygiene (PZH) certificate Download PDF\" \/>\n<meta property=\"og:url\" content=\"https:\/\/hartika.com\/lt\/atsisiusti\/\" \/>\n<meta property=\"og:site_name\" content=\"Hartika. Pi\u0119kno na lata.\" \/>\n<meta property=\"article:publisher\" content=\"https:\/\/www.facebook.com\/people\/Tarasy-Hartika\/100057582753952\/\" \/>\n<meta property=\"article:modified_time\" content=\"2021-10-10T20:04:44+00:00\" \/>\n<meta property=\"og:image\" content=\"https:\/\/hartika.com\/wp-content\/uploads\/2022\/12\/Tarasy_Kompozytowe_Hartika801.jpg\" \/>\n\t<meta property=\"og:image:width\" content=\"800\" \/>\n\t<meta property=\"og:image:height\" content=\"534\" \/>\n\t<meta property=\"og:image:type\" content=\"image\/jpeg\" \/>\n<meta name=\"twitter:card\" content=\"summary_large_image\" \/>\n<script type=\"application\/ld+json\" class=\"yoast-schema-graph\">{\"@context\":\"https:\/\/schema.org\",\"@graph\":[{\"@type\":\"WebPage\",\"@id\":\"https:\/\/hartika.com\/lt\/atsisiusti\/\",\"url\":\"https:\/\/hartika.com\/lt\/atsisiusti\/\",\"name\":\"Atsisi\u0173sti - Hartika. Pi\u0119kno na lata.\",\"isPartOf\":{\"@id\":\"https:\/\/hartika.com\/lt\/#website\"},\"primaryImageOfPage\":{\"@id\":\"https:\/\/hartika.com\/lt\/atsisiusti\/#primaryimage\"},\"image\":{\"@id\":\"https:\/\/hartika.com\/lt\/atsisiusti\/#primaryimage\"},\"thumbnailUrl\":\"https:\/\/hartika.com\/wp-content\/uploads\/2023\/02\/Hartika-socialmedia-pl.jpg\",\"datePublished\":\"2021-10-10T19:55:56+00:00\",\"dateModified\":\"2021-10-10T20:04:44+00:00\",\"breadcrumb\":{\"@id\":\"https:\/\/hartika.com\/lt\/atsisiusti\/#breadcrumb\"},\"inLanguage\":\"lt-LT\",\"potentialAction\":[{\"@type\":\"ReadAction\",\"target\":[\"https:\/\/hartika.com\/lt\/atsisiusti\/\"]}]},{\"@type\":\"ImageObject\",\"inLanguage\":\"lt-LT\",\"@id\":\"https:\/\/hartika.com\/lt\/atsisiusti\/#primaryimage\",\"url\":\"https:\/\/hartika.com\/wp-content\/uploads\/2023\/02\/Hartika-socialmedia-pl.jpg\",\"contentUrl\":\"https:\/\/hartika.com\/wp-content\/uploads\/2023\/02\/Hartika-socialmedia-pl.jpg\",\"width\":1080,\"height\":675,\"caption\":\"Czyszczenie i piel\u0119gnacja tarasu\"},{\"@type\":\"BreadcrumbList\",\"@id\":\"https:\/\/hartika.com\/lt\/atsisiusti\/#breadcrumb\",\"itemListElement\":[{\"@type\":\"ListItem\",\"position\":1,\"name\":\"Strona g\u0142\u00f3wna\",\"item\":\"https:\/\/hartika.com\/lt\/strona-glowna\/\"},{\"@type\":\"ListItem\",\"position\":2,\"name\":\"Atsisi\u0173sti\"}]},{\"@type\":\"WebSite\",\"@id\":\"https:\/\/hartika.com\/lt\/#website\",\"url\":\"https:\/\/hartika.com\/lt\/\",\"name\":\"Tarasy i ogrodzenia kompozytowe Hartika. Pi\u0119kno na lata.\",\"description\":\"Producent taras\u00f3w i ogrodze\u0144 kompozytowych.\",\"publisher\":{\"@id\":\"https:\/\/hartika.com\/lt\/#organization\"},\"alternateName\":\"Tarasy i ogrodzenia kompozytowe Hartika.\",\"potentialAction\":[{\"@type\":\"SearchAction\",\"target\":{\"@type\":\"EntryPoint\",\"urlTemplate\":\"https:\/\/hartika.com\/lt\/?s={search_term_string}\"},\"query-input\":{\"@type\":\"PropertyValueSpecification\",\"valueRequired\":true,\"valueName\":\"search_term_string\"}}],\"inLanguage\":\"lt-LT\"},{\"@type\":[\"Organization\",\"Place\",\"Corporation\"],\"@id\":\"https:\/\/hartika.com\/lt\/#organization\",\"name\":\"Hartika Sp. z o.o.\",\"alternateName\":\"Hartika WPC\",\"url\":\"https:\/\/hartika.com\/lt\/\",\"logo\":{\"@id\":\"https:\/\/hartika.com\/lt\/atsisiusti\/#local-main-organization-logo\"},\"image\":{\"@id\":\"https:\/\/hartika.com\/lt\/atsisiusti\/#local-main-organization-logo\"},\"sameAs\":[\"https:\/\/www.facebook.com\/people\/Tarasy-Hartika\/100057582753952\/\",\"https:\/\/ke.linkedin.com\/company\/hartika\"],\"address\":{\"@id\":\"https:\/\/hartika.com\/lt\/atsisiusti\/#local-main-place-address\"},\"geo\":{\"@type\":\"GeoCoordinates\",\"latitude\":\"53.55530067584501\",\"longitude\":\"22.309762340482035\"},\"telephone\":[\"+48864442020\"],\"openingHoursSpecification\":[{\"@type\":\"OpeningHoursSpecification\",\"dayOfWeek\":[\"Monday\",\"Tuesday\",\"Wednesday\",\"Thursday\",\"Friday\"],\"opens\":\"08:00\",\"closes\":\"16:00\"},{\"@type\":\"OpeningHoursSpecification\",\"dayOfWeek\":[\"Saturday\",\"Sunday\"],\"opens\":\"00:00\",\"closes\":\"00:00\"}],\"email\":\"hartika@hartika.com\",\"areaServed\":\"Europa\",\"vatID\":\"PL5423070660\",\"taxID\":\"5423070660\"},{\"@type\":\"PostalAddress\",\"@id\":\"https:\/\/hartika.com\/lt\/atsisiusti\/#local-main-place-address\",\"streetAddress\":\"ul. Przemys\u0142owa 9\",\"addressLocality\":\"Szczuczyn\",\"postalCode\":\"19-230\",\"addressRegion\":\"Podlaskie\",\"addressCountry\":\"PL\"},{\"@type\":\"ImageObject\",\"inLanguage\":\"lt-LT\",\"@id\":\"https:\/\/hartika.com\/lt\/atsisiusti\/#local-main-organization-logo\",\"url\":\"https:\/\/hartika.com\/wp-content\/uploads\/2019\/10\/LOGO.svg\",\"contentUrl\":\"https:\/\/hartika.com\/wp-content\/uploads\/2019\/10\/LOGO.svg\",\"caption\":\"Hartika Sp. z o.o.\"}]}<\/script>\n<meta name=\"geo.placename\" content=\"Szczuczyn\" \/>\n<meta name=\"geo.position\" content=\"53.55530067584501;22.309762340482035\" \/>\n<meta name=\"geo.region\" content=\"Poland\" \/>\n<!-- \/ Yoast SEO Premium plugin. -->","yoast_head_json":{"title":"Atsisi\u0173sti - Hartika. Pi\u0119kno na lata.","robots":{"index":"index","follow":"follow","max-snippet":"max-snippet:-1","max-image-preview":"max-image-preview:large","max-video-preview":"max-video-preview:-1"},"canonical":"https:\/\/hartika.com\/lt\/atsisiusti\/","og_locale":"lt_LT","og_type":"article","og_title":"Atsisi\u0173sti","og_description":"Installation instructions terraces Download PDF Catalogue Download PDF Leaflet Download PDF National Institute of Hygiene (PZH) certificate Download PDF","og_url":"https:\/\/hartika.com\/lt\/atsisiusti\/","og_site_name":"Hartika. Pi\u0119kno na lata.","article_publisher":"https:\/\/www.facebook.com\/people\/Tarasy-Hartika\/100057582753952\/","article_modified_time":"2021-10-10T20:04:44+00:00","og_image":[{"width":800,"height":534,"url":"https:\/\/hartika.com\/wp-content\/uploads\/2022\/12\/Tarasy_Kompozytowe_Hartika801.jpg","type":"image\/jpeg"}],"twitter_card":"summary_large_image","schema":{"@context":"https:\/\/schema.org","@graph":[{"@type":"WebPage","@id":"https:\/\/hartika.com\/lt\/atsisiusti\/","url":"https:\/\/hartika.com\/lt\/atsisiusti\/","name":"Atsisi\u0173sti - Hartika. Pi\u0119kno na lata.","isPartOf":{"@id":"https:\/\/hartika.com\/lt\/#website"},"primaryImageOfPage":{"@id":"https:\/\/hartika.com\/lt\/atsisiusti\/#primaryimage"},"image":{"@id":"https:\/\/hartika.com\/lt\/atsisiusti\/#primaryimage"},"thumbnailUrl":"https:\/\/hartika.com\/wp-content\/uploads\/2023\/02\/Hartika-socialmedia-pl.jpg","datePublished":"2021-10-10T19:55:56+00:00","dateModified":"2021-10-10T20:04:44+00:00","breadcrumb":{"@id":"https:\/\/hartika.com\/lt\/atsisiusti\/#breadcrumb"},"inLanguage":"lt-LT","potentialAction":[{"@type":"ReadAction","target":["https:\/\/hartika.com\/lt\/atsisiusti\/"]}]},{"@type":"ImageObject","inLanguage":"lt-LT","@id":"https:\/\/hartika.com\/lt\/atsisiusti\/#primaryimage","url":"https:\/\/hartika.com\/wp-content\/uploads\/2023\/02\/Hartika-socialmedia-pl.jpg","contentUrl":"https:\/\/hartika.com\/wp-content\/uploads\/2023\/02\/Hartika-socialmedia-pl.jpg","width":1080,"height":675,"caption":"Czyszczenie i piel\u0119gnacja tarasu"},{"@type":"BreadcrumbList","@id":"https:\/\/hartika.com\/lt\/atsisiusti\/#breadcrumb","itemListElement":[{"@type":"ListItem","position":1,"name":"Strona g\u0142\u00f3wna","item":"https:\/\/hartika.com\/lt\/strona-glowna\/"},{"@type":"ListItem","position":2,"name":"Atsisi\u0173sti"}]},{"@type":"WebSite","@id":"https:\/\/hartika.com\/lt\/#website","url":"https:\/\/hartika.com\/lt\/","name":"Tarasy i ogrodzenia kompozytowe Hartika. Pi\u0119kno na lata.","description":"Producent taras\u00f3w i ogrodze\u0144 kompozytowych.","publisher":{"@id":"https:\/\/hartika.com\/lt\/#organization"},"alternateName":"Tarasy i ogrodzenia kompozytowe Hartika.","potentialAction":[{"@type":"SearchAction","target":{"@type":"EntryPoint","urlTemplate":"https:\/\/hartika.com\/lt\/?s={search_term_string}"},"query-input":{"@type":"PropertyValueSpecification","valueRequired":true,"valueName":"search_term_string"}}],"inLanguage":"lt-LT"},{"@type":["Organization","Place","Corporation"],"@id":"https:\/\/hartika.com\/lt\/#organization","name":"Hartika Sp. z o.o.","alternateName":"Hartika WPC","url":"https:\/\/hartika.com\/lt\/","logo":{"@id":"https:\/\/hartika.com\/lt\/atsisiusti\/#local-main-organization-logo"},"image":{"@id":"https:\/\/hartika.com\/lt\/atsisiusti\/#local-main-organization-logo"},"sameAs":["https:\/\/www.facebook.com\/people\/Tarasy-Hartika\/100057582753952\/","https:\/\/ke.linkedin.com\/company\/hartika"],"address":{"@id":"https:\/\/hartika.com\/lt\/atsisiusti\/#local-main-place-address"},"geo":{"@type":"GeoCoordinates","latitude":"53.55530067584501","longitude":"22.309762340482035"},"telephone":["+48864442020","+48864442020"],"openingHoursSpecification":[{"@type":"OpeningHoursSpecification","dayOfWeek":["Monday","Tuesday","Wednesday","Thursday","Friday"],"opens":"08:00","closes":"16:00"},{"@type":"OpeningHoursSpecification","dayOfWeek":["Saturday","Sunday"],"opens":"00:00","closes":"00:00"}],"email":"hartika@hartika.com","areaServed":"Europa","vatID":"PL5423070660","taxID":"5423070660"},{"@type":"PostalAddress","@id":"https:\/\/hartika.com\/lt\/atsisiusti\/#local-main-place-address","streetAddress":"ul. Przemys\u0142owa 9","addressLocality":"Szczuczyn","postalCode":"19-230","addressRegion":"Podlaskie","addressCountry":"PL"},{"@type":"ImageObject","inLanguage":"lt-LT","@id":"https:\/\/hartika.com\/lt\/atsisiusti\/#local-main-organization-logo","url":"https:\/\/hartika.com\/wp-content\/uploads\/2019\/10\/LOGO.svg","contentUrl":"https:\/\/hartika.com\/wp-content\/uploads\/2019\/10\/LOGO.svg","caption":"Hartika Sp. z o.o."}]},"geo.placename":"Szczuczyn","geo.position":{"lat":"53.55530067584501","long":"22.309762340482035"},"geo.region":"Poland"},"_links":{"self":[{"href":"https:\/\/hartika.com\/lt\/wp-json\/wp\/v2\/pages\/5651","targetHints":{"allow":["GET"]}}],"collection":[{"href":"https:\/\/hartika.com\/lt\/wp-json\/wp\/v2\/pages"}],"about":[{"href":"https:\/\/hartika.com\/lt\/wp-json\/wp\/v2\/types\/page"}],"author":[{"embeddable":true,"href":"https:\/\/hartika.com\/lt\/wp-json\/wp\/v2\/users\/6"}],"replies":[{"embeddable":true,"href":"https:\/\/hartika.com\/lt\/wp-json\/wp\/v2\/comments?post=5651"}],"version-history":[{"count":0,"href":"https:\/\/hartika.com\/lt\/wp-json\/wp\/v2\/pages\/5651\/revisions"}],"wp:featuredmedia":[{"embeddable":true,"href":"https:\/\/hartika.com\/lt\/wp-json\/wp\/v2\/media\/8711"}],"wp:attachment":[{"href":"https:\/\/hartika.com\/lt\/wp-json\/wp\/v2\/media?parent=5651"}],"curies":[{"name":"wp","href":"https:\/\/api.w.org\/{rel}","templated":true}]}}