{"id":8532,"date":"2023-01-21T22:49:24","date_gmt":"2023-01-21T21:49:24","guid":{"rendered":"https:\/\/hartika.com\/?page_id=8532"},"modified":"2023-05-10T12:50:36","modified_gmt":"2023-05-10T10:50:36","slug":"unternehmensubersicht","status":"publish","type":"page","link":"https:\/\/hartika.com\/de\/unternehmensubersicht\/","title":{"rendered":"Unternehmensubersicht"},"content":{"rendered":"<div id=\"pl-8532\"  class=\"panel-layout\" ><div id=\"pg-8532-0\"  class=\"panel-grid panel-has-style\"  style=\"margin-bottom: 30px\" ><div style=\"padding: 5% 0% 5% 0%;\" class=\"panel-row-style panel-row-style-for-8532-0\" ><div id=\"pgc-8532-0-0\"  class=\"panel-grid-cell\" ><div id=\"panel-8532-0-0-0\" class=\"so-panel widget widget_sow-video panel-first-child panel-last-child\" data-index=\"0\" style=\"margin: 0% 22% 0% 22%;\" ><div class=\"so-rounded panel-widget-style panel-widget-style-for-8532-0-0-0\" style=\"border: 3px solid #ffffff;\" ><div\n\t\t\t\n\t\t\tclass=\"so-widget-sow-video so-widget-sow-video-default-f379b959fc93-8532\"\n\t\t\t\n\t\t>\n<div class=\"sow-video-wrapper use-fitvids\">\n\t\t\t<video\n\t\t\tid=\"sow-player-1\" class=\"sow-video-widget\" preload=\"auto\" style=\"width:100%;height:100%;\" autoplay playsinline muted=\"1\" poster=\"https:\/\/hartika.com\/wp-content\/uploads\/2023\/02\/Impressum-verkleinert-weiss.jpg\" controls>\n\t\t\t\t\t\t\t<source type=\"video\/mp4\" src=\"https:\/\/hartika.com\/wp-content\/uploads\/2023\/02\/Hartika-movie-ENgl.mp4\"\/>\n\t\t\t\t\t<\/video>\n\t<\/div>\n<\/div><\/div><\/div><\/div><\/div><\/div><div id=\"pg-8532-1\"  class=\"panel-grid panel-has-style\"  style=\"margin-bottom: 30px\" ><div style=\"padding: 5% 0% 5% 0%;\" class=\"panel-row-style panel-row-style-for-8532-1\" ><div id=\"pgc-8532-1-0\"  class=\"panel-grid-cell\" ><div id=\"panel-8532-1-0-0\" class=\"so-panel widget widget_sow-video panel-first-child panel-last-child\" data-index=\"1\" ><div style=\"border: 3px solid #ffffff;\" class=\"panel-widget-style panel-widget-style-for-8532-1-0-0\" ><div\n\t\t\t\n\t\t\tclass=\"so-widget-sow-video so-widget-sow-video-default-f379b959fc93-8532\"\n\t\t\t\n\t\t>\n<div class=\"sow-video-wrapper use-fitvids\">\n\t\t\t<video\n\t\t\tid=\"sow-player-2\" class=\"sow-video-widget\" preload=\"auto\" style=\"width:100%;height:100%;\" autoplay playsinline muted=\"1\" controls>\n\t\t\t\t\t\t\t<source type=\"video\/mp4\" src=\"https:\/\/hartika.com\/wp-content\/uploads\/2023\/02\/Hartika-movie-ENgl-mobile.mp4\"\/>\n\t\t\t\t\t<\/video>\n\t<\/div>\n<\/div><\/div><\/div><\/div><\/div><\/div><div id=\"pg-8532-2\"  class=\"panel-grid panel-no-style\"  style=\"margin-bottom: 30px\" ><div id=\"pgc-8532-2-0\"  class=\"panel-grid-cell\" ><div id=\"panel-8532-2-0-0\" class=\"so-panel widget widget_sow-editor panel-first-child\" data-index=\"2\" style=\"margin: 0px 0px 0px 0px;\" ><div\n\t\t\t\n\t\t\tclass=\"so-widget-sow-editor so-widget-sow-editor-base\"\n\t\t\t\n\t\t>\n<div class=\"siteorigin-widget-tinymce textwidget\">\n\t<h1 style=\"text-align: center; font-family: Playfair Display;\">Unternehmens\u00fcbersicht<\/h1>\n<\/div>\n<\/div><\/div><div id=\"panel-8532-2-0-1\" class=\"so-panel widget widget_sow-editor panel-last-child\" data-index=\"3\" ><div\n\t\t\t\n\t\t\tclass=\"so-widget-sow-editor so-widget-sow-editor-base\"\n\t\t\t\n\t\t>\n<div class=\"siteorigin-widget-tinymce textwidget\">\n\t<p>HARTIKA ist ein polnischer Hersteller von Biokompositen auf der Basis von Holzstaub und PVC, die f\u00fcr den Bau von Terrassen- und Zaunsystemen sowie Elementen der Gartenarchitektur verwendet werden.<\/p>\n<p>Die Produkte von HARTIKA werden h\u00e4ufig in der Bauindustrie f\u00fcr den Bau von Balkonen, Verkehrswegen und Erholungsr\u00e4umen (Plattformen, Schwimmb\u00e4der, Spielpl\u00e4tze) verwendet.<\/p>\n<p>Auch im Stra\u00dfenbau werden HARTIKA-Produkte als Trennw\u00e4nde und L\u00e4rmschutzw\u00e4nde eingesetzt.<\/p>\n<p>HARTIKA inspiriert und bietet L\u00f6sungen an, die Wohnungen, H\u00e4user und G\u00e4rten, Ufer und Stra\u00dfen mit aktiver Sorge f\u00fcr die Umwelt nachhaltig umgestalten. Die Zuverl\u00e4ssigkeit der HARTIKA-Verbundwerkstoffe wird durch die Kombination einer innovativen PVC-Basis mit \u00f6kologisch produzierten Holzfasern erreicht.<\/p>\n<\/div>\n<\/div><\/div><\/div><\/div><div id=\"pg-8532-3\"  class=\"panel-grid panel-has-style\"  style=\"margin-bottom: 30px\" ><div class=\"panel-row-style panel-row-style-for-8532-3\" ><div id=\"pgc-8532-3-0\"  class=\"panel-grid-cell panel-grid-cell-empty\" ><\/div><\/div><\/div><div id=\"pg-8532-4\"  class=\"panel-grid panel-has-style\"  style=\"margin-bottom: 30px\" ><div class=\"panel-row-style panel-row-style-for-8532-4\" ><div id=\"pgc-8532-4-0\"  class=\"panel-grid-cell panel-grid-cell-empty\" ><\/div><\/div><\/div><div id=\"pg-8532-5\"  class=\"panel-grid panel-no-style\"  style=\"margin-bottom: 30px\" ><div id=\"pgc-8532-5-0\"  class=\"panel-grid-cell\" ><div id=\"panel-8532-5-0-0\" class=\"so-panel widget widget_sow-editor panel-first-child\" data-index=\"4\" style=\"margin: 0px 0px 0px 0px;\" ><div\n\t\t\t\n\t\t\tclass=\"so-widget-sow-editor so-widget-sow-editor-base\"\n\t\t\t\n\t\t>\n<div class=\"siteorigin-widget-tinymce textwidget\">\n\t<h4 style=\"text-align: center;\">Geschichte des Unternehmens<\/h4>\n<\/div>\n<\/div><\/div><div id=\"panel-8532-5-0-1\" class=\"so-panel widget widget_sow-editor panel-last-child\" data-index=\"5\" ><div\n\t\t\t\n\t\t\tclass=\"so-widget-sow-editor so-widget-sow-editor-base\"\n\t\t\t\n\t\t>\n<div class=\"siteorigin-widget-tinymce textwidget\">\n\t<p>Hartika Sp. z o.o. ist eine polnische Kapitalgesellschaft, deren Aktivit\u00e4ten bis ins Jahr 2008 zur\u00fcckreichen. Zwischen 2008 und 2020 betrieb das Unternehmen eine der ersten spezialisierten Abfallbehandlungsanlagen f\u00fcr Holzabf\u00e4lle in Polen. In diesem Bereich war HARTIKA in Polen f\u00fchrend bei der Sammlung und Verwertung von Holz- und Holzwerkstoffabf\u00e4llen.<\/p>\n<p>Auf der Grundlage der gesammelten Erfahrungen und der Forschungs- und Entwicklungsarbeiten im Bereich des Holzrecyclings wurde im Jahr 2017 ein neues Industrieprojekt gestartet: der Bau einer Produktionsanlage f\u00fcr die Herstellung von WPC-Biokompositen auf der Basis von synthetischen Polymeren PVC und Holzstaub aus recycelten Holzmaterialien. Die Inbetriebnahme der neuen Produktionsanlage erfolgte in der zweiten Jahresh\u00e4lfte 2019, womit HARTIKA seine T\u00e4tigkeit im Bereich der industriellen Kunststoffverarbeitung aufnahm.<\/p>\n<p>Die Produktionstechnologie der Anlage basiert auf der Zusammenarbeit von HARTIKA mit dem \u00f6sterreichischen Forschungsinstitut WOOD K PLUS in Linz.\u00a0 Die Elemente des Produktionsprozesses sind durch europ\u00e4ische Patente gesch\u00fctzt und die Produkte werden durch nationale technische Bewertungen und Klassifizierungen hinsichtlich ihrer \u00dcbereinstimmung mit technischen und Qualit\u00e4tsstandards best\u00e4tigt.<\/p>\n<\/div>\n<\/div><\/div><\/div><\/div><div id=\"pg-8532-6\"  class=\"panel-grid panel-has-style\"  style=\"margin-bottom: 60px\" ><div style=\"padding: 5% 7% 5% 7%;\" class=\"panel-row-style panel-row-style-for-8532-6\" ><div id=\"pgc-8532-6-0\"  class=\"panel-grid-cell\" ><div id=\"panel-8532-6-0-0\" class=\"so-panel widget widget_sow-editor panel-first-child\" data-index=\"6\" style=\"margin-bottom: 30px\" ><div\n\t\t\t\n\t\t\tclass=\"so-widget-sow-editor so-widget-sow-editor-base\"\n\t\t\t\n\t\t>\n<div class=\"siteorigin-widget-tinymce textwidget\">\n\t<h4 style=\"text-align: center;\"><span style=\"color: #ffffff;\">Lassen Sie sich inspirieren<\/span><\/h4>\n<\/div>\n<\/div><\/div><div id=\"panel-8532-6-0-1\" class=\"so-panel widget widget_sow-editor\" data-index=\"7\" style=\"margin-bottom: 30px\" ><div\n\t\t\t\n\t\t\tclass=\"so-widget-sow-editor so-widget-sow-editor-base\"\n\t\t\t\n\t\t>\n<div class=\"siteorigin-widget-tinymce textwidget\">\n\t<div class=\"rl-gallery-container rl-loading\" id=\"rl-gallery-container-1\" data-gallery_id=\"380\"> <div class=\"rl-gallery rl-basicgrid-gallery hartika-tarase-home rl-hover-effect-4\" id=\"rl-gallery-1\" data-gallery_no=\"1\"> <div class=\"rl-gallery-item\"><a href=\"https:\/\/hartika.com\/wp-content\/uploads\/2018\/06\/trawnik-e1534965651114-1024x742.jpg\" title=\"Deska Kompozytowa HARTIKA TARASE HOME HD-01-4-1\" data-rl_title=\"Deska Kompozytowa HARTIKA TARASE HOME HD-01-4-1\" class=\"rl-gallery-link\" data-rl_caption=\"Kolor: Maho\u0144 Naturalny\" data-rel=\"lightbox-gallery-1\" data-magnific_type=\"gallery\"><img wpfc-lazyload-disable=\"true\" loading=\"lazy\" decoding=\"async\" src=\"https:\/\/hartika.com\/wp-content\/uploads\/2018\/06\/trawnik-e1534965651114-420x273.jpg\" width=\"420\" height=\"273\" alt=\"\" \/><\/a><\/div><div class=\"rl-gallery-item\"><a href=\"https:\/\/hartika.com\/wp-content\/uploads\/2018\/06\/shutterstock_632809778-1-e1534965634709-1024x684.jpg\" title=\"Deska Kompozytowa HARTIKA TARASE HOME HD-01-4-1\" data-rl_title=\"Deska Kompozytowa HARTIKA TARASE HOME HD-01-4-1\" class=\"rl-gallery-link\" data-rl_caption=\"Kolor: Maho\u0144 Naturalny\" data-rel=\"lightbox-gallery-1\" data-magnific_type=\"gallery\"><img wpfc-lazyload-disable=\"true\" loading=\"lazy\" decoding=\"async\" src=\"https:\/\/hartika.com\/wp-content\/uploads\/2018\/06\/shutterstock_632809778-1-e1534965634709-420x273.jpg\" width=\"420\" height=\"273\" alt=\"\" \/><\/a><\/div><div class=\"rl-gallery-item\"><a href=\"https:\/\/hartika.com\/wp-content\/uploads\/2018\/06\/thought-catalog-344189-unsplash-1-e1534965642565-1024x683.jpg\" title=\"Deska Kompozytowa HARTIKA TARASE HOME HD-01-4-1\" data-rl_title=\"Deska Kompozytowa HARTIKA TARASE HOME HD-01-4-1\" class=\"rl-gallery-link\" data-rl_caption=\"Kolor: Orzech Szlachetny\" data-rel=\"lightbox-gallery-1\" data-magnific_type=\"gallery\"><img wpfc-lazyload-disable=\"true\" loading=\"lazy\" decoding=\"async\" src=\"https:\/\/hartika.com\/wp-content\/uploads\/2018\/06\/thought-catalog-344189-unsplash-1-e1534965642565-420x273.jpg\" width=\"420\" height=\"273\" alt=\"Deska Kompozytowa\" \/><\/a><\/div> <\/div> <\/div>\n<\/div>\n<\/div><\/div><div id=\"panel-8532-6-0-2\" class=\"so-panel widget widget_ozimas-button-widget panel-last-child\" data-index=\"8\" ><div\n\t\t\t\n\t\t\tclass=\"so-widget-ozimas-button-widget so-widget-ozimas-button-widget-style-d75171398898-8532\"\n\t\t\t\n\t\t>\n<div style=\"text-align: center\" class=\"ozimasbutton\">\n\t<a \n\t\tstyle=\"\t\t\tcolor: #ffffff; \t\t\tfont-size: 1em; \t\t\tfont-weight: 400; \t\t\tbackground-color: initial;\t\t\ttext-decoration: none;\t\t\tpadding-top: 10px;\t\t\tpadding-bottom: 10px;\t\t\tpadding-right: 40px;\t\t\tpadding-left: 40px;\t\t\tborder-radius: 0px;\t\t\tborder-top: 1px solid white;\t\t\tborder-bottom: 1px solid white;\t\t\tborder-right: 0;\t\t\tborder-left: 0;\t\t\t\"\n\t\tonclick=\"\"\n\t\tclass=\"ozimasbutton__link button__hover-blue\" \n\t\thref=\"https:\/\/hartika.com\/inspiracje\/\" \n\t\ttarget=\"_self\">\n\t\t\tWEITER ZU DEN INSPIRATIONEN\t<\/a>\n\t\n\t<\/div>\n<\/div><\/div><\/div><\/div><\/div><\/div>","protected":false},"excerpt":{"rendered":"<p>Unternehmens\u00fcbersicht HARTIKA ist ein polnischer Hersteller von Biokompositen auf der Basis von Holzstaub und PVC, die f\u00fcr den Bau von Terrassen- und Zaunsystemen sowie Elementen der Gartenarchitektur verwendet werden. Die Produkte von HARTIKA werden h\u00e4ufig in der Bauindustrie f\u00fcr den Bau von Balkonen, Verkehrswegen und Erholungsr\u00e4umen (Plattformen, Schwimmb\u00e4der, Spielpl\u00e4tze) verwendet. Auch im Stra\u00dfenbau werden HARTIKA-Produkte [&hellip;]<\/p>","protected":false},"author":6,"featured_media":8614,"parent":0,"menu_order":0,"comment_status":"closed","ping_status":"closed","template":"","meta":{"_acf_changed":false,"footnotes":""},"class_list":["post-8532","page","type-page","status-publish","has-post-thumbnail","hentry","post"],"acf":[],"yoast_head":"<!-- This site is optimized with the Yoast SEO Premium plugin v20.6 (Yoast SEO v27.5) - https:\/\/yoast.com\/product\/yoast-seo-premium-wordpress\/ -->\n<title>Terrasse aus Verbundwerkstoff - Hartika<\/title>\n<meta name=\"description\" content=\"Hartika bietet Komposit-Terrassendielen f\u00fcr Ihre Terrasse. Bauen Sie eine Terrasse mit dem perfekten Verbundmaterial, das keine Renovierung erfordert.\" \/>\n<meta name=\"robots\" content=\"index, follow, max-snippet:-1, max-image-preview:large, max-video-preview:-1\" \/>\n<link rel=\"canonical\" href=\"https:\/\/hartika.com\/de\/unternehmensubersicht\/\" \/>\n<meta property=\"og:locale\" content=\"de_DE\" \/>\n<meta property=\"og:type\" content=\"article\" \/>\n<meta property=\"og:title\" content=\"Unternehmensubersicht\" \/>\n<meta property=\"og:description\" content=\"Unternehmens\u00fcbersicht HARTIKA ist ein polnischer Hersteller von Biokompositen auf der Basis von Holzstaub und PVC, die f\u00fcr den Bau von Terrassen- und\" \/>\n<meta property=\"og:url\" content=\"https:\/\/hartika.com\/de\/unternehmensubersicht\/\" \/>\n<meta property=\"og:site_name\" content=\"Hartika. Pi\u0119kno na lata.\" \/>\n<meta property=\"article:publisher\" content=\"https:\/\/www.facebook.com\/people\/Tarasy-Hartika\/100057582753952\/\" \/>\n<meta property=\"article:modified_time\" content=\"2023-05-10T10:50:36+00:00\" \/>\n<meta property=\"og:image\" content=\"https:\/\/hartika.com\/wp-content\/uploads\/2023\/02\/Hartika-logo-de.jpg\" \/>\n\t<meta property=\"og:image:width\" content=\"1080\" \/>\n\t<meta property=\"og:image:height\" content=\"675\" \/>\n\t<meta property=\"og:image:type\" content=\"image\/jpeg\" \/>\n<meta name=\"twitter:card\" content=\"summary_large_image\" \/>\n<meta name=\"twitter:image\" content=\"https:\/\/hartika.com\/wp-content\/uploads\/2023\/02\/Hartika-logo-de.jpg\" \/>\n<meta name=\"twitter:label1\" content=\"Gesch\u00e4tzte Lesezeit\" \/>\n\t<meta name=\"twitter:data1\" content=\"2\u00a0Minuten\" \/>\n<script type=\"application\/ld+json\" class=\"yoast-schema-graph\">{\"@context\":\"https:\\\/\\\/schema.org\",\"@graph\":[{\"@type\":\"WebPage\",\"@id\":\"https:\\\/\\\/hartika.com\\\/de\\\/unternehmensubersicht\\\/\",\"url\":\"https:\\\/\\\/hartika.com\\\/de\\\/unternehmensubersicht\\\/\",\"name\":\"Terrasse aus Verbundwerkstoff - Hartika\",\"isPartOf\":{\"@id\":\"https:\\\/\\\/hartika.com\\\/de\\\/#website\"},\"primaryImageOfPage\":{\"@id\":\"https:\\\/\\\/hartika.com\\\/de\\\/unternehmensubersicht\\\/#primaryimage\"},\"image\":{\"@id\":\"https:\\\/\\\/hartika.com\\\/de\\\/unternehmensubersicht\\\/#primaryimage\"},\"thumbnailUrl\":\"https:\\\/\\\/hartika.com\\\/wp-content\\\/uploads\\\/2023\\\/02\\\/Hartika-logo-de.jpg\",\"datePublished\":\"2023-01-21T21:49:24+00:00\",\"dateModified\":\"2023-05-10T10:50:36+00:00\",\"description\":\"Hartika bietet Komposit-Terrassendielen f\u00fcr Ihre Terrasse. Bauen Sie eine Terrasse mit dem perfekten Verbundmaterial, das keine Renovierung erfordert.\",\"breadcrumb\":{\"@id\":\"https:\\\/\\\/hartika.com\\\/de\\\/unternehmensubersicht\\\/#breadcrumb\"},\"inLanguage\":\"de\",\"potentialAction\":[{\"@type\":\"ReadAction\",\"target\":[\"https:\\\/\\\/hartika.com\\\/de\\\/unternehmensubersicht\\\/\"]}]},{\"@type\":\"ImageObject\",\"inLanguage\":\"de\",\"@id\":\"https:\\\/\\\/hartika.com\\\/de\\\/unternehmensubersicht\\\/#primaryimage\",\"url\":\"https:\\\/\\\/hartika.com\\\/wp-content\\\/uploads\\\/2023\\\/02\\\/Hartika-logo-de.jpg\",\"contentUrl\":\"https:\\\/\\\/hartika.com\\\/wp-content\\\/uploads\\\/2023\\\/02\\\/Hartika-logo-de.jpg\",\"width\":1080,\"height\":675},{\"@type\":\"BreadcrumbList\",\"@id\":\"https:\\\/\\\/hartika.com\\\/de\\\/unternehmensubersicht\\\/#breadcrumb\",\"itemListElement\":[{\"@type\":\"ListItem\",\"position\":1,\"name\":\"Strona g\u0142\u00f3wna\",\"item\":\"https:\\\/\\\/hartika.com\\\/de\\\/verbundwerkstoff-dielen-hersteller-hartika\\\/\"},{\"@type\":\"ListItem\",\"position\":2,\"name\":\"Unternehmensubersicht\"}]},{\"@type\":\"WebSite\",\"@id\":\"https:\\\/\\\/hartika.com\\\/de\\\/#website\",\"url\":\"https:\\\/\\\/hartika.com\\\/de\\\/\",\"name\":\"Tarasy i ogrodzenia kompozytowe Hartika. Pi\u0119kno na lata.\",\"description\":\"Producent taras\u00f3w i ogrodze\u0144 kompozytowych.\",\"publisher\":{\"@id\":\"https:\\\/\\\/hartika.com\\\/de\\\/#organization\"},\"alternateName\":\"Tarasy i ogrodzenia kompozytowe Hartika.\",\"potentialAction\":[{\"@type\":\"SearchAction\",\"target\":{\"@type\":\"EntryPoint\",\"urlTemplate\":\"https:\\\/\\\/hartika.com\\\/de\\\/?s={search_term_string}\"},\"query-input\":{\"@type\":\"PropertyValueSpecification\",\"valueRequired\":true,\"valueName\":\"search_term_string\"}}],\"inLanguage\":\"de\"},{\"@type\":[\"Organization\",\"Place\",\"Corporation\"],\"@id\":\"https:\\\/\\\/hartika.com\\\/de\\\/#organization\",\"name\":\"Hartika Sp. z o.o.\",\"alternateName\":\"Hartika WPC\",\"url\":\"https:\\\/\\\/hartika.com\\\/de\\\/\",\"logo\":{\"@id\":\"https:\\\/\\\/hartika.com\\\/de\\\/unternehmensubersicht\\\/#local-main-organization-logo\"},\"image\":{\"@id\":\"https:\\\/\\\/hartika.com\\\/de\\\/unternehmensubersicht\\\/#local-main-organization-logo\"},\"sameAs\":[\"https:\\\/\\\/www.facebook.com\\\/people\\\/Tarasy-Hartika\\\/100057582753952\\\/\",\"https:\\\/\\\/ke.linkedin.com\\\/company\\\/hartika\"],\"address\":{\"@id\":\"https:\\\/\\\/hartika.com\\\/de\\\/unternehmensubersicht\\\/#local-main-place-address\"},\"geo\":{\"@type\":\"GeoCoordinates\",\"latitude\":\"53.55530067584501\",\"longitude\":\"22.309762340482035\"},\"telephone\":[\"+48864442020\"],\"openingHoursSpecification\":[{\"@type\":\"OpeningHoursSpecification\",\"dayOfWeek\":[\"Monday\",\"Tuesday\",\"Wednesday\",\"Thursday\",\"Friday\"],\"opens\":\"08:00\",\"closes\":\"16:00\"},{\"@type\":\"OpeningHoursSpecification\",\"dayOfWeek\":[\"Saturday\",\"Sunday\"],\"opens\":\"00:00\",\"closes\":\"00:00\"}],\"email\":\"hartika@hartika.com\",\"areaServed\":\"Europa\",\"vatID\":\"PL5423070660\",\"taxID\":\"5423070660\"},{\"@type\":\"PostalAddress\",\"@id\":\"https:\\\/\\\/hartika.com\\\/de\\\/unternehmensubersicht\\\/#local-main-place-address\",\"streetAddress\":\"ul. Przemys\u0142owa 9\",\"addressLocality\":\"Szczuczyn\",\"postalCode\":\"19-230\",\"addressRegion\":\"Podlaskie\",\"addressCountry\":\"PL\"},{\"@type\":\"ImageObject\",\"inLanguage\":\"de\",\"@id\":\"https:\\\/\\\/hartika.com\\\/de\\\/unternehmensubersicht\\\/#local-main-organization-logo\",\"url\":\"https:\\\/\\\/hartika.com\\\/wp-content\\\/uploads\\\/2019\\\/10\\\/LOGO.svg\",\"contentUrl\":\"https:\\\/\\\/hartika.com\\\/wp-content\\\/uploads\\\/2019\\\/10\\\/LOGO.svg\",\"caption\":\"Hartika Sp. z o.o.\"}]}<\/script>\n<meta name=\"geo.placename\" content=\"Szczuczyn\" \/>\n<meta name=\"geo.position\" content=\"53.55530067584501;22.309762340482035\" \/>\n<meta name=\"geo.region\" content=\"Polen\" \/>\n<!-- \/ Yoast SEO Premium plugin. -->","yoast_head_json":{"title":"Terrasse aus Verbundwerkstoff - Hartika","description":"Hartika bietet Komposit-Terrassendielen f\u00fcr Ihre Terrasse. Bauen Sie eine Terrasse mit dem perfekten Verbundmaterial, das keine Renovierung erfordert.","robots":{"index":"index","follow":"follow","max-snippet":"max-snippet:-1","max-image-preview":"max-image-preview:large","max-video-preview":"max-video-preview:-1"},"canonical":"https:\/\/hartika.com\/de\/unternehmensubersicht\/","og_locale":"de_DE","og_type":"article","og_title":"Unternehmensubersicht","og_description":"Unternehmens\u00fcbersicht HARTIKA ist ein polnischer Hersteller von Biokompositen auf der Basis von Holzstaub und PVC, die f\u00fcr den Bau von Terrassen- und","og_url":"https:\/\/hartika.com\/de\/unternehmensubersicht\/","og_site_name":"Hartika. Pi\u0119kno na lata.","article_publisher":"https:\/\/www.facebook.com\/people\/Tarasy-Hartika\/100057582753952\/","article_modified_time":"2023-05-10T10:50:36+00:00","og_image":[{"width":1080,"height":675,"url":"https:\/\/hartika.com\/wp-content\/uploads\/2023\/02\/Hartika-logo-de.jpg","type":"image\/jpeg"}],"twitter_card":"summary_large_image","twitter_image":"https:\/\/hartika.com\/wp-content\/uploads\/2023\/02\/Hartika-logo-de.jpg","twitter_misc":{"Gesch\u00e4tzte Lesezeit":"2\u00a0Minuten"},"schema":{"@context":"https:\/\/schema.org","@graph":[{"@type":"WebPage","@id":"https:\/\/hartika.com\/de\/unternehmensubersicht\/","url":"https:\/\/hartika.com\/de\/unternehmensubersicht\/","name":"Terrasse aus Verbundwerkstoff - Hartika","isPartOf":{"@id":"https:\/\/hartika.com\/de\/#website"},"primaryImageOfPage":{"@id":"https:\/\/hartika.com\/de\/unternehmensubersicht\/#primaryimage"},"image":{"@id":"https:\/\/hartika.com\/de\/unternehmensubersicht\/#primaryimage"},"thumbnailUrl":"https:\/\/hartika.com\/wp-content\/uploads\/2023\/02\/Hartika-logo-de.jpg","datePublished":"2023-01-21T21:49:24+00:00","dateModified":"2023-05-10T10:50:36+00:00","description":"Hartika bietet Komposit-Terrassendielen f\u00fcr Ihre Terrasse. Bauen Sie eine Terrasse mit dem perfekten Verbundmaterial, das keine Renovierung erfordert.","breadcrumb":{"@id":"https:\/\/hartika.com\/de\/unternehmensubersicht\/#breadcrumb"},"inLanguage":"de","potentialAction":[{"@type":"ReadAction","target":["https:\/\/hartika.com\/de\/unternehmensubersicht\/"]}]},{"@type":"ImageObject","inLanguage":"de","@id":"https:\/\/hartika.com\/de\/unternehmensubersicht\/#primaryimage","url":"https:\/\/hartika.com\/wp-content\/uploads\/2023\/02\/Hartika-logo-de.jpg","contentUrl":"https:\/\/hartika.com\/wp-content\/uploads\/2023\/02\/Hartika-logo-de.jpg","width":1080,"height":675},{"@type":"BreadcrumbList","@id":"https:\/\/hartika.com\/de\/unternehmensubersicht\/#breadcrumb","itemListElement":[{"@type":"ListItem","position":1,"name":"Strona g\u0142\u00f3wna","item":"https:\/\/hartika.com\/de\/verbundwerkstoff-dielen-hersteller-hartika\/"},{"@type":"ListItem","position":2,"name":"Unternehmensubersicht"}]},{"@type":"WebSite","@id":"https:\/\/hartika.com\/de\/#website","url":"https:\/\/hartika.com\/de\/","name":"Tarasy i ogrodzenia kompozytowe Hartika. Pi\u0119kno na lata.","description":"Producent taras\u00f3w i ogrodze\u0144 kompozytowych.","publisher":{"@id":"https:\/\/hartika.com\/de\/#organization"},"alternateName":"Tarasy i ogrodzenia kompozytowe Hartika.","potentialAction":[{"@type":"SearchAction","target":{"@type":"EntryPoint","urlTemplate":"https:\/\/hartika.com\/de\/?s={search_term_string}"},"query-input":{"@type":"PropertyValueSpecification","valueRequired":true,"valueName":"search_term_string"}}],"inLanguage":"de"},{"@type":["Organization","Place","Corporation"],"@id":"https:\/\/hartika.com\/de\/#organization","name":"Hartika Sp. z o.o.","alternateName":"Hartika WPC","url":"https:\/\/hartika.com\/de\/","logo":{"@id":"https:\/\/hartika.com\/de\/unternehmensubersicht\/#local-main-organization-logo"},"image":{"@id":"https:\/\/hartika.com\/de\/unternehmensubersicht\/#local-main-organization-logo"},"sameAs":["https:\/\/www.facebook.com\/people\/Tarasy-Hartika\/100057582753952\/","https:\/\/ke.linkedin.com\/company\/hartika"],"address":{"@id":"https:\/\/hartika.com\/de\/unternehmensubersicht\/#local-main-place-address"},"geo":{"@type":"GeoCoordinates","latitude":"53.55530067584501","longitude":"22.309762340482035"},"telephone":["+48864442020","+48864442020"],"openingHoursSpecification":[{"@type":"OpeningHoursSpecification","dayOfWeek":["Monday","Tuesday","Wednesday","Thursday","Friday"],"opens":"08:00","closes":"16:00"},{"@type":"OpeningHoursSpecification","dayOfWeek":["Saturday","Sunday"],"opens":"00:00","closes":"00:00"}],"email":"hartika@hartika.com","areaServed":"Europa","vatID":"PL5423070660","taxID":"5423070660"},{"@type":"PostalAddress","@id":"https:\/\/hartika.com\/de\/unternehmensubersicht\/#local-main-place-address","streetAddress":"ul. Przemys\u0142owa 9","addressLocality":"Szczuczyn","postalCode":"19-230","addressRegion":"Podlaskie","addressCountry":"PL"},{"@type":"ImageObject","inLanguage":"de","@id":"https:\/\/hartika.com\/de\/unternehmensubersicht\/#local-main-organization-logo","url":"https:\/\/hartika.com\/wp-content\/uploads\/2019\/10\/LOGO.svg","contentUrl":"https:\/\/hartika.com\/wp-content\/uploads\/2019\/10\/LOGO.svg","caption":"Hartika Sp. z o.o."}]},"geo.placename":"Szczuczyn","geo.position":{"lat":"53.55530067584501","long":"22.309762340482035"},"geo.region":"Polen"},"_links":{"self":[{"href":"https:\/\/hartika.com\/de\/wp-json\/wp\/v2\/pages\/8532","targetHints":{"allow":["GET"]}}],"collection":[{"href":"https:\/\/hartika.com\/de\/wp-json\/wp\/v2\/pages"}],"about":[{"href":"https:\/\/hartika.com\/de\/wp-json\/wp\/v2\/types\/page"}],"author":[{"embeddable":true,"href":"https:\/\/hartika.com\/de\/wp-json\/wp\/v2\/users\/6"}],"replies":[{"embeddable":true,"href":"https:\/\/hartika.com\/de\/wp-json\/wp\/v2\/comments?post=8532"}],"version-history":[{"count":0,"href":"https:\/\/hartika.com\/de\/wp-json\/wp\/v2\/pages\/8532\/revisions"}],"wp:featuredmedia":[{"embeddable":true,"href":"https:\/\/hartika.com\/de\/wp-json\/wp\/v2\/media\/8614"}],"wp:attachment":[{"href":"https:\/\/hartika.com\/de\/wp-json\/wp\/v2\/media?parent=8532"}],"curies":[{"name":"wp","href":"https:\/\/api.w.org\/{rel}","templated":true}]}}