{"id":7545,"date":"2022-02-16T11:27:33","date_gmt":"2022-02-16T10:27:33","guid":{"rendered":"https:\/\/hartika.com\/?page_id=7545"},"modified":"2022-12-05T22:25:27","modified_gmt":"2022-12-05T21:25:27","slug":"terrassen-konfigurator","status":"publish","type":"page","link":"https:\/\/hartika.com\/de\/terrassen-konfigurator\/","title":{"rendered":"Terrassen-Konfigurator"},"content":{"rendered":"","protected":false},"excerpt":{"rendered":"","protected":false},"author":6,"featured_media":8710,"parent":0,"menu_order":0,"comment_status":"closed","ping_status":"closed","template":"page-konfigurator-tarasu.php","meta":{"_acf_changed":false,"footnotes":""},"class_list":["post-7545","page","type-page","status-publish","has-post-thumbnail","hentry","post"],"acf":[],"yoast_head":"<!-- This site is optimized with the Yoast SEO Premium plugin v20.6 (Yoast SEO v27.4) - https:\/\/yoast.com\/product\/yoast-seo-premium-wordpress\/ -->\n<title>Hartika PVC-Verbunddielen und Z\u00e4une. Terrassen-Konfigurator.<\/title>\n<meta name=\"description\" content=\"Terrassen-Konfigurator, Kompositdielen, PVC-Terrassendielen, Hersteller der Verbundholzterrassendielen, Terrassen und Z\u00e4une\" \/>\n<meta name=\"robots\" content=\"index, follow, max-snippet:-1, max-image-preview:large, max-video-preview:-1\" \/>\n<link rel=\"canonical\" href=\"https:\/\/hartika.com\/de\/terrassen-konfigurator\/\" \/>\n<meta property=\"og:locale\" content=\"de_DE\" \/>\n<meta property=\"og:type\" content=\"article\" \/>\n<meta property=\"og:title\" content=\"Hartika tarasy i ogrodzenia kompozytowe PVC. Kreator tarasu.\" \/>\n<meta property=\"og:description\" content=\"Stw\u00f3rz sw\u00f3j wymarzony taras wykorzystuj\u0105c konfigurator taras\u00f3w Hartika. W kilku \u0142atwych krokach dobierzesz optymalny rodzaj deski oraz materia\u0142y monta\u017cowe.\" \/>\n<meta property=\"og:url\" content=\"https:\/\/hartika.com\/de\/terrassen-konfigurator\/\" \/>\n<meta property=\"og:site_name\" content=\"Hartika. Pi\u0119kno na lata.\" \/>\n<meta property=\"article:publisher\" content=\"https:\/\/www.facebook.com\/people\/Tarasy-Hartika\/100057582753952\/\" \/>\n<meta property=\"article:modified_time\" content=\"2022-12-05T21:25:27+00:00\" \/>\n<meta property=\"og:image\" content=\"https:\/\/hartika.com\/wp-content\/uploads\/2019\/10\/okladka-_550x550.jpg\" \/>\n\t<meta property=\"og:image:width\" content=\"550\" \/>\n\t<meta property=\"og:image:height\" content=\"550\" \/>\n\t<meta property=\"og:image:type\" content=\"image\/jpeg\" \/>\n<meta name=\"twitter:card\" content=\"summary_large_image\" \/>\n<meta name=\"twitter:title\" content=\"Terrassen-Konfigurator\" \/>\n<meta name=\"twitter:image\" content=\"https:\/\/hartika.com\/wp-content\/uploads\/2019\/10\/okladka-_550x550.jpg\" \/>\n<script type=\"application\/ld+json\" class=\"yoast-schema-graph\">{\"@context\":\"https:\\\/\\\/schema.org\",\"@graph\":[{\"@type\":\"WebPage\",\"@id\":\"https:\\\/\\\/hartika.com\\\/de\\\/terrassen-konfigurator\\\/\",\"url\":\"https:\\\/\\\/hartika.com\\\/de\\\/terrassen-konfigurator\\\/\",\"name\":\"Hartika PVC-Verbunddielen und Z\u00e4une. Terrassen-Konfigurator.\",\"isPartOf\":{\"@id\":\"https:\\\/\\\/hartika.com\\\/de\\\/#website\"},\"primaryImageOfPage\":{\"@id\":\"https:\\\/\\\/hartika.com\\\/de\\\/terrassen-konfigurator\\\/#primaryimage\"},\"image\":{\"@id\":\"https:\\\/\\\/hartika.com\\\/de\\\/terrassen-konfigurator\\\/#primaryimage\"},\"thumbnailUrl\":\"https:\\\/\\\/hartika.com\\\/wp-content\\\/uploads\\\/2023\\\/02\\\/Hartika-socialmedia-pl.jpg\",\"datePublished\":\"2022-02-16T10:27:33+00:00\",\"dateModified\":\"2022-12-05T21:25:27+00:00\",\"description\":\"Terrassen-Konfigurator, Kompositdielen, PVC-Terrassendielen, Hersteller der Verbundholzterrassendielen, Terrassen und Z\u00e4une\",\"breadcrumb\":{\"@id\":\"https:\\\/\\\/hartika.com\\\/de\\\/terrassen-konfigurator\\\/#breadcrumb\"},\"inLanguage\":\"de\",\"potentialAction\":[{\"@type\":\"ReadAction\",\"target\":[\"https:\\\/\\\/hartika.com\\\/de\\\/terrassen-konfigurator\\\/\"]}]},{\"@type\":\"ImageObject\",\"inLanguage\":\"de\",\"@id\":\"https:\\\/\\\/hartika.com\\\/de\\\/terrassen-konfigurator\\\/#primaryimage\",\"url\":\"https:\\\/\\\/hartika.com\\\/wp-content\\\/uploads\\\/2023\\\/02\\\/Hartika-socialmedia-pl.jpg\",\"contentUrl\":\"https:\\\/\\\/hartika.com\\\/wp-content\\\/uploads\\\/2023\\\/02\\\/Hartika-socialmedia-pl.jpg\",\"width\":1080,\"height\":675,\"caption\":\"Czyszczenie i piel\u0119gnacja tarasu\"},{\"@type\":\"BreadcrumbList\",\"@id\":\"https:\\\/\\\/hartika.com\\\/de\\\/terrassen-konfigurator\\\/#breadcrumb\",\"itemListElement\":[{\"@type\":\"ListItem\",\"position\":1,\"name\":\"Strona g\u0142\u00f3wna\",\"item\":\"https:\\\/\\\/hartika.com\\\/de\\\/verbundwerkstoff-dielen-hersteller-hartika\\\/\"},{\"@type\":\"ListItem\",\"position\":2,\"name\":\"Terrassen-Konfigurator\"}]},{\"@type\":\"WebSite\",\"@id\":\"https:\\\/\\\/hartika.com\\\/de\\\/#website\",\"url\":\"https:\\\/\\\/hartika.com\\\/de\\\/\",\"name\":\"Tarasy i ogrodzenia kompozytowe Hartika. Pi\u0119kno na lata.\",\"description\":\"Producent taras\u00f3w i ogrodze\u0144 kompozytowych.\",\"publisher\":{\"@id\":\"https:\\\/\\\/hartika.com\\\/de\\\/#organization\"},\"alternateName\":\"Tarasy i ogrodzenia kompozytowe Hartika.\",\"potentialAction\":[{\"@type\":\"SearchAction\",\"target\":{\"@type\":\"EntryPoint\",\"urlTemplate\":\"https:\\\/\\\/hartika.com\\\/de\\\/?s={search_term_string}\"},\"query-input\":{\"@type\":\"PropertyValueSpecification\",\"valueRequired\":true,\"valueName\":\"search_term_string\"}}],\"inLanguage\":\"de\"},{\"@type\":[\"Organization\",\"Place\",\"Corporation\"],\"@id\":\"https:\\\/\\\/hartika.com\\\/de\\\/#organization\",\"name\":\"Hartika Sp. z o.o.\",\"alternateName\":\"Hartika WPC\",\"url\":\"https:\\\/\\\/hartika.com\\\/de\\\/\",\"logo\":{\"@id\":\"https:\\\/\\\/hartika.com\\\/de\\\/terrassen-konfigurator\\\/#local-main-organization-logo\"},\"image\":{\"@id\":\"https:\\\/\\\/hartika.com\\\/de\\\/terrassen-konfigurator\\\/#local-main-organization-logo\"},\"sameAs\":[\"https:\\\/\\\/www.facebook.com\\\/people\\\/Tarasy-Hartika\\\/100057582753952\\\/\",\"https:\\\/\\\/ke.linkedin.com\\\/company\\\/hartika\"],\"address\":{\"@id\":\"https:\\\/\\\/hartika.com\\\/de\\\/terrassen-konfigurator\\\/#local-main-place-address\"},\"geo\":{\"@type\":\"GeoCoordinates\",\"latitude\":\"53.55530067584501\",\"longitude\":\"22.309762340482035\"},\"telephone\":[\"+48864442020\"],\"openingHoursSpecification\":[{\"@type\":\"OpeningHoursSpecification\",\"dayOfWeek\":[\"Monday\",\"Tuesday\",\"Wednesday\",\"Thursday\",\"Friday\"],\"opens\":\"08:00\",\"closes\":\"16:00\"},{\"@type\":\"OpeningHoursSpecification\",\"dayOfWeek\":[\"Saturday\",\"Sunday\"],\"opens\":\"00:00\",\"closes\":\"00:00\"}],\"email\":\"hartika@hartika.com\",\"areaServed\":\"Europa\",\"vatID\":\"PL5423070660\",\"taxID\":\"5423070660\"},{\"@type\":\"PostalAddress\",\"@id\":\"https:\\\/\\\/hartika.com\\\/de\\\/terrassen-konfigurator\\\/#local-main-place-address\",\"streetAddress\":\"ul. Przemys\u0142owa 9\",\"addressLocality\":\"Szczuczyn\",\"postalCode\":\"19-230\",\"addressRegion\":\"Podlaskie\",\"addressCountry\":\"PL\"},{\"@type\":\"ImageObject\",\"inLanguage\":\"de\",\"@id\":\"https:\\\/\\\/hartika.com\\\/de\\\/terrassen-konfigurator\\\/#local-main-organization-logo\",\"url\":\"https:\\\/\\\/hartika.com\\\/wp-content\\\/uploads\\\/2019\\\/10\\\/LOGO.svg\",\"contentUrl\":\"https:\\\/\\\/hartika.com\\\/wp-content\\\/uploads\\\/2019\\\/10\\\/LOGO.svg\",\"caption\":\"Hartika Sp. z o.o.\"}]}<\/script>\n<meta name=\"geo.placename\" content=\"Szczuczyn\" \/>\n<meta name=\"geo.position\" content=\"53.55530067584501;22.309762340482035\" \/>\n<meta name=\"geo.region\" content=\"Polen\" \/>\n<!-- \/ Yoast SEO Premium plugin. -->","yoast_head_json":{"title":"Hartika PVC-Verbunddielen und Z\u00e4une. Terrassen-Konfigurator.","description":"Terrassen-Konfigurator, Kompositdielen, PVC-Terrassendielen, Hersteller der Verbundholzterrassendielen, Terrassen und Z\u00e4une","robots":{"index":"index","follow":"follow","max-snippet":"max-snippet:-1","max-image-preview":"max-image-preview:large","max-video-preview":"max-video-preview:-1"},"canonical":"https:\/\/hartika.com\/de\/terrassen-konfigurator\/","og_locale":"de_DE","og_type":"article","og_title":"Hartika tarasy i ogrodzenia kompozytowe PVC. Kreator tarasu.","og_description":"Stw\u00f3rz sw\u00f3j wymarzony taras wykorzystuj\u0105c konfigurator taras\u00f3w Hartika. W kilku \u0142atwych krokach dobierzesz optymalny rodzaj deski oraz materia\u0142y monta\u017cowe.","og_url":"https:\/\/hartika.com\/de\/terrassen-konfigurator\/","og_site_name":"Hartika. Pi\u0119kno na lata.","article_publisher":"https:\/\/www.facebook.com\/people\/Tarasy-Hartika\/100057582753952\/","article_modified_time":"2022-12-05T21:25:27+00:00","og_image":[{"width":550,"height":550,"url":"https:\/\/hartika.com\/wp-content\/uploads\/2019\/10\/okladka-_550x550.jpg","type":"image\/jpeg"}],"twitter_card":"summary_large_image","twitter_title":"Terrassen-Konfigurator","twitter_image":"https:\/\/hartika.com\/wp-content\/uploads\/2019\/10\/okladka-_550x550.jpg","schema":{"@context":"https:\/\/schema.org","@graph":[{"@type":"WebPage","@id":"https:\/\/hartika.com\/de\/terrassen-konfigurator\/","url":"https:\/\/hartika.com\/de\/terrassen-konfigurator\/","name":"Hartika PVC-Verbunddielen und Z\u00e4une. Terrassen-Konfigurator.","isPartOf":{"@id":"https:\/\/hartika.com\/de\/#website"},"primaryImageOfPage":{"@id":"https:\/\/hartika.com\/de\/terrassen-konfigurator\/#primaryimage"},"image":{"@id":"https:\/\/hartika.com\/de\/terrassen-konfigurator\/#primaryimage"},"thumbnailUrl":"https:\/\/hartika.com\/wp-content\/uploads\/2023\/02\/Hartika-socialmedia-pl.jpg","datePublished":"2022-02-16T10:27:33+00:00","dateModified":"2022-12-05T21:25:27+00:00","description":"Terrassen-Konfigurator, Kompositdielen, PVC-Terrassendielen, Hersteller der Verbundholzterrassendielen, Terrassen und Z\u00e4une","breadcrumb":{"@id":"https:\/\/hartika.com\/de\/terrassen-konfigurator\/#breadcrumb"},"inLanguage":"de","potentialAction":[{"@type":"ReadAction","target":["https:\/\/hartika.com\/de\/terrassen-konfigurator\/"]}]},{"@type":"ImageObject","inLanguage":"de","@id":"https:\/\/hartika.com\/de\/terrassen-konfigurator\/#primaryimage","url":"https:\/\/hartika.com\/wp-content\/uploads\/2023\/02\/Hartika-socialmedia-pl.jpg","contentUrl":"https:\/\/hartika.com\/wp-content\/uploads\/2023\/02\/Hartika-socialmedia-pl.jpg","width":1080,"height":675,"caption":"Czyszczenie i piel\u0119gnacja tarasu"},{"@type":"BreadcrumbList","@id":"https:\/\/hartika.com\/de\/terrassen-konfigurator\/#breadcrumb","itemListElement":[{"@type":"ListItem","position":1,"name":"Strona g\u0142\u00f3wna","item":"https:\/\/hartika.com\/de\/verbundwerkstoff-dielen-hersteller-hartika\/"},{"@type":"ListItem","position":2,"name":"Terrassen-Konfigurator"}]},{"@type":"WebSite","@id":"https:\/\/hartika.com\/de\/#website","url":"https:\/\/hartika.com\/de\/","name":"Tarasy i ogrodzenia kompozytowe Hartika. Pi\u0119kno na lata.","description":"Producent taras\u00f3w i ogrodze\u0144 kompozytowych.","publisher":{"@id":"https:\/\/hartika.com\/de\/#organization"},"alternateName":"Tarasy i ogrodzenia kompozytowe Hartika.","potentialAction":[{"@type":"SearchAction","target":{"@type":"EntryPoint","urlTemplate":"https:\/\/hartika.com\/de\/?s={search_term_string}"},"query-input":{"@type":"PropertyValueSpecification","valueRequired":true,"valueName":"search_term_string"}}],"inLanguage":"de"},{"@type":["Organization","Place","Corporation"],"@id":"https:\/\/hartika.com\/de\/#organization","name":"Hartika Sp. z o.o.","alternateName":"Hartika WPC","url":"https:\/\/hartika.com\/de\/","logo":{"@id":"https:\/\/hartika.com\/de\/terrassen-konfigurator\/#local-main-organization-logo"},"image":{"@id":"https:\/\/hartika.com\/de\/terrassen-konfigurator\/#local-main-organization-logo"},"sameAs":["https:\/\/www.facebook.com\/people\/Tarasy-Hartika\/100057582753952\/","https:\/\/ke.linkedin.com\/company\/hartika"],"address":{"@id":"https:\/\/hartika.com\/de\/terrassen-konfigurator\/#local-main-place-address"},"geo":{"@type":"GeoCoordinates","latitude":"53.55530067584501","longitude":"22.309762340482035"},"telephone":["+48864442020","+48864442020"],"openingHoursSpecification":[{"@type":"OpeningHoursSpecification","dayOfWeek":["Monday","Tuesday","Wednesday","Thursday","Friday"],"opens":"08:00","closes":"16:00"},{"@type":"OpeningHoursSpecification","dayOfWeek":["Saturday","Sunday"],"opens":"00:00","closes":"00:00"}],"email":"hartika@hartika.com","areaServed":"Europa","vatID":"PL5423070660","taxID":"5423070660"},{"@type":"PostalAddress","@id":"https:\/\/hartika.com\/de\/terrassen-konfigurator\/#local-main-place-address","streetAddress":"ul. Przemys\u0142owa 9","addressLocality":"Szczuczyn","postalCode":"19-230","addressRegion":"Podlaskie","addressCountry":"PL"},{"@type":"ImageObject","inLanguage":"de","@id":"https:\/\/hartika.com\/de\/terrassen-konfigurator\/#local-main-organization-logo","url":"https:\/\/hartika.com\/wp-content\/uploads\/2019\/10\/LOGO.svg","contentUrl":"https:\/\/hartika.com\/wp-content\/uploads\/2019\/10\/LOGO.svg","caption":"Hartika Sp. z o.o."}]},"geo.placename":"Szczuczyn","geo.position":{"lat":"53.55530067584501","long":"22.309762340482035"},"geo.region":"Polen"},"_links":{"self":[{"href":"https:\/\/hartika.com\/de\/wp-json\/wp\/v2\/pages\/7545","targetHints":{"allow":["GET"]}}],"collection":[{"href":"https:\/\/hartika.com\/de\/wp-json\/wp\/v2\/pages"}],"about":[{"href":"https:\/\/hartika.com\/de\/wp-json\/wp\/v2\/types\/page"}],"author":[{"embeddable":true,"href":"https:\/\/hartika.com\/de\/wp-json\/wp\/v2\/users\/6"}],"replies":[{"embeddable":true,"href":"https:\/\/hartika.com\/de\/wp-json\/wp\/v2\/comments?post=7545"}],"version-history":[{"count":0,"href":"https:\/\/hartika.com\/de\/wp-json\/wp\/v2\/pages\/7545\/revisions"}],"wp:featuredmedia":[{"embeddable":true,"href":"https:\/\/hartika.com\/de\/wp-json\/wp\/v2\/media\/8710"}],"wp:attachment":[{"href":"https:\/\/hartika.com\/de\/wp-json\/wp\/v2\/media?parent=7545"}],"curies":[{"name":"wp","href":"https:\/\/api.w.org\/{rel}","templated":true}]}}